{"id":125,"date":"2025-03-06T16:49:27","date_gmt":"2025-03-06T16:49:27","guid":{"rendered":"https:\/\/ameliacourbis.cl\/wordpress\/?page_id=125"},"modified":"2025-03-25T17:47:06","modified_gmt":"2025-03-25T17:47:06","slug":"nuestro-liceo","status":"publish","type":"page","link":"https:\/\/ameliacourbis.cl\/wordpress\/index.php\/nuestro-liceo\/","title":{"rendered":"Nuestro Liceo"},"content":{"rendered":"\t\t<div data-elementor-type=\"wp-page\" data-elementor-id=\"125\" class=\"elementor elementor-125\" data-elementor-post-type=\"page\">\n\t\t\t\t<div class=\"elementor-element elementor-element-46cf5c3 e-flex e-con-boxed e-con e-parent\" data-id=\"46cf5c3\" data-element_type=\"container\">\n\t\t\t\t\t<div class=\"e-con-inner\">\n\t\t\t\t<div class=\"elementor-element elementor-element-5fb19c3 elementor-widget elementor-widget-spacer\" data-id=\"5fb19c3\" data-element_type=\"widget\" data-widget_type=\"spacer.default\">\n\t\t\t\t<div class=\"elementor-widget-container\">\n\t\t\t\t\t\t\t<div class=\"elementor-spacer\">\n\t\t\t<div class=\"elementor-spacer-inner\"><\/div>\n\t\t<\/div>\n\t\t\t\t\t\t<\/div>\n\t\t\t\t<\/div>\n\t\t\t\t<div class=\"elementor-element elementor-element-05cbaae elementor-widget elementor-widget-image\" data-id=\"05cbaae\" data-element_type=\"widget\" data-widget_type=\"image.default\">\n\t\t\t\t<div class=\"elementor-widget-container\">\n\t\t\t\t\t\t\t\t\t\t\t\t\t\t\t<img fetchpriority=\"high\" decoding=\"async\" width=\"517\" height=\"591\" src=\"https:\/\/ameliacourbis.cl\/wordpress\/wp-content\/uploads\/2025\/03\/ESCUDO.png\" class=\"attachment-large size-large wp-image-596\" alt=\"\" srcset=\"https:\/\/ameliacourbis.cl\/wordpress\/wp-content\/uploads\/2025\/03\/ESCUDO.png 517w, https:\/\/ameliacourbis.cl\/wordpress\/wp-content\/uploads\/2025\/03\/ESCUDO-262x300.png 262w\" sizes=\"(max-width: 517px) 100vw, 517px\" \/>\t\t\t\t\t\t\t\t\t\t\t\t\t\t\t<\/div>\n\t\t\t\t<\/div>\n\t\t\t\t<div class=\"elementor-element elementor-element-d3362b8 elementor-widget elementor-widget-text-editor\" data-id=\"d3362b8\" data-element_type=\"widget\" data-widget_type=\"text-editor.default\">\n\t\t\t\t<div class=\"elementor-widget-container\">\n\t\t\t\t\t\t\t\t\t<p style=\"text-align: center;\"><span style=\"font-family: Geologica; font-size: 16px;\">Las Instituciones nacen en el tiempo igual que, los seres humanos, con un comienzo d\u00e9bil e incierto, para despu\u00e9s ir adquiriendo seguridad y prestancia. As\u00ed ha sido nuestro Liceo, que naci\u00f3 a la vida educacional de esta regi\u00f3n, cuando reci\u00e9n se iniciaba el siglo XX, en el a\u00f1o 1902, con una matr\u00edcula de s\u00f3lo 40 alumnas, bajo la tuici\u00f3n de la Directora se\u00f1orita Amelia Courbis, que por haber sido la primera, su nombre y acci\u00f3n se agiganta con el tiempo, pues le correspondi\u00f3, casi de la nada, dar a luz una Instituci\u00f3n que ha prestigiado a la Educaci\u00f3n Regional y Nacional.<\/span><\/p>\t\t\t\t\t\t\t\t<\/div>\n\t\t\t\t<\/div>\n\t\t\t\t<div class=\"elementor-element elementor-element-60c8d77 elementor-widget elementor-widget-spacer\" data-id=\"60c8d77\" data-element_type=\"widget\" data-widget_type=\"spacer.default\">\n\t\t\t\t<div class=\"elementor-widget-container\">\n\t\t\t\t\t\t\t<div class=\"elementor-spacer\">\n\t\t\t<div class=\"elementor-spacer-inner\"><\/div>\n\t\t<\/div>\n\t\t\t\t\t\t<\/div>\n\t\t\t\t<\/div>\n\t\t\t\t<div class=\"elementor-element elementor-element-aad7e6d elementor-widget elementor-widget-video\" data-id=\"aad7e6d\" data-element_type=\"widget\" data-settings=\"{&quot;video_type&quot;:&quot;hosted&quot;,&quot;controls&quot;:&quot;yes&quot;}\" data-widget_type=\"video.default\">\n\t\t\t\t<div class=\"elementor-widget-container\">\n\t\t\t\t\t\t\t<div class=\"e-hosted-video elementor-wrapper elementor-open-inline\">\n\t\t\t\t\t<video class=\"elementor-video\" src=\"https:\/\/ameliacourbis.cl\/wordpress\/wp-content\/uploads\/2025\/03\/Dron_.mp4\" controls=\"\" preload=\"metadata\" controlsList=\"nodownload\"><\/video>\n\t\t\t\t<\/div>\n\t\t\t\t\t\t<\/div>\n\t\t\t\t<\/div>\n\t\t\t\t<div class=\"elementor-element elementor-element-6a21158 elementor-widget elementor-widget-spacer\" data-id=\"6a21158\" data-element_type=\"widget\" data-widget_type=\"spacer.default\">\n\t\t\t\t<div class=\"elementor-widget-container\">\n\t\t\t\t\t\t\t<div class=\"elementor-spacer\">\n\t\t\t<div class=\"elementor-spacer-inner\"><\/div>\n\t\t<\/div>\n\t\t\t\t\t\t<\/div>\n\t\t\t\t<\/div>\n\t\t\t\t\t<\/div>\n\t\t\t\t<\/div>\n\t\t<div class=\"elementor-element elementor-element-f00cb3f e-flex e-con-boxed e-con e-parent\" data-id=\"f00cb3f\" data-element_type=\"container\">\n\t\t\t\t\t<div class=\"e-con-inner\">\n\t\t<div class=\"elementor-element elementor-element-4af4739 e-con-full e-flex e-con e-child\" data-id=\"4af4739\" data-element_type=\"container\">\n\t\t<div class=\"elementor-element elementor-element-773e0d4 e-con-full e-flex e-con e-child\" data-id=\"773e0d4\" data-element_type=\"container\">\n\t\t\t\t<div class=\"elementor-element elementor-element-a8421d4 elementor-widget elementor-widget-heading\" data-id=\"a8421d4\" data-element_type=\"widget\" data-widget_type=\"heading.default\">\n\t\t\t\t<div class=\"elementor-widget-container\">\n\t\t\t\t\t<h3 class=\"elementor-heading-title elementor-size-default\">Misi\u00f3n<\/h3>\t\t\t\t<\/div>\n\t\t\t\t<\/div>\n\t\t\t\t<\/div>\n\t\t\t\t<div class=\"elementor-element elementor-element-e0a2f7f elementor-widget elementor-widget-text-editor\" data-id=\"e0a2f7f\" data-element_type=\"widget\" data-widget_type=\"text-editor.default\">\n\t\t\t\t<div class=\"elementor-widget-container\">\n\t\t\t\t\t\t\t\t\t<p style=\"text-align: center;\"><span style=\"font-size: 16px; font-family: Geologica;\">El Liceo T\u00e9cnico Amelia Courbis brindar\u00e1 una educaci\u00f3n de calidad a los y las estudiantes involucrando a toda la comunidad educativa, a partir de estrategias diversificadas, que permitan formar profesionistas o t\u00e9cnicos de nivel medio con esp\u00edritu de compromiso y superaci\u00f3n, adaptaci\u00f3n al cambio y esp\u00edritu colaborativo, dando respuestas oportunas y pertinentes al mundo laboral o educacional, en concordancia con las habilidades y desaf\u00edos del siglo XXI.<\/span><\/p>\t\t\t\t\t\t\t\t<\/div>\n\t\t\t\t<\/div>\n\t\t\t\t<\/div>\n\t\t\t\t<div class=\"elementor-element elementor-element-6b5e5ee elementor-widget elementor-widget-spacer\" data-id=\"6b5e5ee\" data-element_type=\"widget\" data-widget_type=\"spacer.default\">\n\t\t\t\t<div class=\"elementor-widget-container\">\n\t\t\t\t\t\t\t<div class=\"elementor-spacer\">\n\t\t\t<div class=\"elementor-spacer-inner\"><\/div>\n\t\t<\/div>\n\t\t\t\t\t\t<\/div>\n\t\t\t\t<\/div>\n\t\t\t\t\t<\/div>\n\t\t\t\t<\/div>\n\t\t<div class=\"elementor-element elementor-element-a176dd5 e-flex e-con-boxed e-con e-parent\" data-id=\"a176dd5\" data-element_type=\"container\">\n\t\t\t\t\t<div class=\"e-con-inner\">\n\t\t<div class=\"elementor-element elementor-element-2ad5e2a e-con-full e-flex e-con e-child\" data-id=\"2ad5e2a\" data-element_type=\"container\">\n\t\t<div class=\"elementor-element elementor-element-a7b60a5 e-con-full e-flex e-con e-child\" data-id=\"a7b60a5\" data-element_type=\"container\">\n\t\t\t\t<div class=\"elementor-element elementor-element-a132da5 elementor-widget elementor-widget-heading\" data-id=\"a132da5\" data-element_type=\"widget\" data-widget_type=\"heading.default\">\n\t\t\t\t<div class=\"elementor-widget-container\">\n\t\t\t\t\t<h3 class=\"elementor-heading-title elementor-size-default\">Visi\u00f3n<\/h3>\t\t\t\t<\/div>\n\t\t\t\t<\/div>\n\t\t\t\t<\/div>\n\t\t\t\t<div class=\"elementor-element elementor-element-6443d6c elementor-widget elementor-widget-text-editor\" data-id=\"6443d6c\" data-element_type=\"widget\" data-widget_type=\"text-editor.default\">\n\t\t\t\t<div class=\"elementor-widget-container\">\n\t\t\t\t\t\t\t\t\t<p style=\"text-align: center;\"><span style=\"font-size: 16px; font-family: Geologica;\">Posicionarse en un centro de referencia a nivel regional, para la educaci\u00f3n media t\u00e9cnico profesional, sustentado en la mejora continua y din\u00e1mica de la gesti\u00f3n educativa, que permitan formar personas \u00edntegras, capaces de enfrentar los desaf\u00edos de una sociedad en permanente transformaci\u00f3n.<\/span><\/p>\t\t\t\t\t\t\t\t<\/div>\n\t\t\t\t<\/div>\n\t\t\t\t<\/div>\n\t\t\t\t\t<\/div>\n\t\t\t\t<\/div>\n\t\t<div class=\"elementor-element elementor-element-55351b1 e-flex e-con-boxed e-con e-parent\" data-id=\"55351b1\" data-element_type=\"container\">\n\t\t\t\t\t<div class=\"e-con-inner\">\n\t\t\t\t<div class=\"elementor-element elementor-element-40e1408 elementor-widget-divider--view-line elementor-widget elementor-widget-divider\" data-id=\"40e1408\" data-element_type=\"widget\" data-widget_type=\"divider.default\">\n\t\t\t\t<div class=\"elementor-widget-container\">\n\t\t\t\t\t\t\t<div class=\"elementor-divider\">\n\t\t\t<span class=\"elementor-divider-separator\">\n\t\t\t\t\t\t<\/span>\n\t\t<\/div>\n\t\t\t\t\t\t<\/div>\n\t\t\t\t<\/div>\n\t\t\t\t<div class=\"elementor-element elementor-element-914a72e elementor-widget elementor-widget-spacer\" data-id=\"914a72e\" data-element_type=\"widget\" data-widget_type=\"spacer.default\">\n\t\t\t\t<div class=\"elementor-widget-container\">\n\t\t\t\t\t\t\t<div class=\"elementor-spacer\">\n\t\t\t<div class=\"elementor-spacer-inner\"><\/div>\n\t\t<\/div>\n\t\t\t\t\t\t<\/div>\n\t\t\t\t<\/div>\n\t\t\t\t\t<\/div>\n\t\t\t\t<\/div>\n\t\t\t\t<\/div>\n\t\t","protected":false},"excerpt":{"rendered":"<p>Las Instituciones nacen en el tiempo igual que, los seres humanos, con un comienzo d\u00e9bil e incierto, para despu\u00e9s ir adquiriendo seguridad y prestancia. As\u00ed ha sido nuestro Liceo, que naci\u00f3 a la vida educacional de esta regi\u00f3n, cuando reci\u00e9n se iniciaba el siglo XX, en el a\u00f1o 1902, con una matr\u00edcula de s\u00f3lo 40 [&hellip;]<\/p>\n","protected":false},"author":1,"featured_media":0,"parent":0,"menu_order":0,"comment_status":"closed","ping_status":"closed","template":"page-no-header-image","meta":{"footnotes":""},"class_list":["post-125","page","type-page","status-publish","hentry"],"_links":{"self":[{"href":"https:\/\/ameliacourbis.cl\/wordpress\/index.php\/wp-json\/wp\/v2\/pages\/125","targetHints":{"allow":["GET"]}}],"collection":[{"href":"https:\/\/ameliacourbis.cl\/wordpress\/index.php\/wp-json\/wp\/v2\/pages"}],"about":[{"href":"https:\/\/ameliacourbis.cl\/wordpress\/index.php\/wp-json\/wp\/v2\/types\/page"}],"author":[{"embeddable":true,"href":"https:\/\/ameliacourbis.cl\/wordpress\/index.php\/wp-json\/wp\/v2\/users\/1"}],"replies":[{"embeddable":true,"href":"https:\/\/ameliacourbis.cl\/wordpress\/index.php\/wp-json\/wp\/v2\/comments?post=125"}],"version-history":[{"count":121,"href":"https:\/\/ameliacourbis.cl\/wordpress\/index.php\/wp-json\/wp\/v2\/pages\/125\/revisions"}],"predecessor-version":[{"id":1491,"href":"https:\/\/ameliacourbis.cl\/wordpress\/index.php\/wp-json\/wp\/v2\/pages\/125\/revisions\/1491"}],"wp:attachment":[{"href":"https:\/\/ameliacourbis.cl\/wordpress\/index.php\/wp-json\/wp\/v2\/media?parent=125"}],"curies":[{"name":"wp","href":"https:\/\/api.w.org\/{rel}","templated":true}]}}