{"id":1780,"date":"2025-11-25T17:09:48","date_gmt":"2025-11-25T17:09:48","guid":{"rendered":"https:\/\/ameliacourbis.cl\/wordpress\/?page_id=1780"},"modified":"2025-11-25T17:54:41","modified_gmt":"2025-11-25T17:54:41","slug":"comunicados-ltac","status":"publish","type":"page","link":"https:\/\/ameliacourbis.cl\/wordpress\/index.php\/comunicados-ltac\/","title":{"rendered":"Comunicados LTAC"},"content":{"rendered":"\t\t<div data-elementor-type=\"wp-page\" data-elementor-id=\"1780\" class=\"elementor elementor-1780\" data-elementor-post-type=\"page\">\n\t\t\t\t<div class=\"elementor-element elementor-element-485db93 e-flex e-con-boxed e-con e-parent\" data-id=\"485db93\" data-element_type=\"container\">\n\t\t\t\t\t<div class=\"e-con-inner\">\n\t\t\t\t<div class=\"elementor-element elementor-element-2c8713a elementor-widget elementor-widget-spacer\" data-id=\"2c8713a\" data-element_type=\"widget\" data-widget_type=\"spacer.default\">\n\t\t\t\t<div class=\"elementor-widget-container\">\n\t\t\t\t\t\t\t<div class=\"elementor-spacer\">\n\t\t\t<div class=\"elementor-spacer-inner\"><\/div>\n\t\t<\/div>\n\t\t\t\t\t\t<\/div>\n\t\t\t\t<\/div>\n\t\t\t\t<div class=\"elementor-element elementor-element-1ebe65b elementor-widget elementor-widget-heading\" data-id=\"1ebe65b\" data-element_type=\"widget\" data-widget_type=\"heading.default\">\n\t\t\t\t<div class=\"elementor-widget-container\">\n\t\t\t\t\t<h1 class=\"elementor-heading-title elementor-size-default\">2025<\/h1>\t\t\t\t<\/div>\n\t\t\t\t<\/div>\n\t\t\t\t<div class=\"elementor-element elementor-element-ed99f00 elementor-widget elementor-widget-spacer\" data-id=\"ed99f00\" data-element_type=\"widget\" data-widget_type=\"spacer.default\">\n\t\t\t\t<div class=\"elementor-widget-container\">\n\t\t\t\t\t\t\t<div class=\"elementor-spacer\">\n\t\t\t<div class=\"elementor-spacer-inner\"><\/div>\n\t\t<\/div>\n\t\t\t\t\t\t<\/div>\n\t\t\t\t<\/div>\n\t\t\t\t\t<\/div>\n\t\t\t\t<\/div>\n\t\t<div class=\"elementor-element elementor-element-d6dfc59 e-flex e-con-boxed e-con e-parent\" data-id=\"d6dfc59\" data-element_type=\"container\">\n\t\t\t\t\t<div class=\"e-con-inner\">\n\t\t\t\t<div class=\"elementor-element elementor-element-ad796c7 elementor-widget elementor-widget-heading\" data-id=\"ad796c7\" data-element_type=\"widget\" data-widget_type=\"heading.default\">\n\t\t\t\t<div class=\"elementor-widget-container\">\n\t\t\t\t\t<h4 class=\"elementor-heading-title elementor-size-default\">12 de Septiembre de 2025<\/h4>\t\t\t\t<\/div>\n\t\t\t\t<\/div>\n\t\t\t\t\t<\/div>\n\t\t\t\t<\/div>\n\t\t<div class=\"elementor-element elementor-element-1231a78 e-flex e-con-boxed e-con e-parent\" data-id=\"1231a78\" data-element_type=\"container\">\n\t\t\t\t\t<div class=\"e-con-inner\">\n\t\t\t\t<div class=\"elementor-element elementor-element-44cac7c elementor-widget-divider--view-line elementor-widget elementor-widget-divider\" data-id=\"44cac7c\" data-element_type=\"widget\" data-widget_type=\"divider.default\">\n\t\t\t\t<div class=\"elementor-widget-container\">\n\t\t\t\t\t\t\t<div class=\"elementor-divider\">\n\t\t\t<span class=\"elementor-divider-separator\">\n\t\t\t\t\t\t<\/span>\n\t\t<\/div>\n\t\t\t\t\t\t<\/div>\n\t\t\t\t<\/div>\n\t\t\t\t\t<\/div>\n\t\t\t\t<\/div>\n\t\t<div class=\"elementor-element elementor-element-79dd0b0 e-flex e-con-boxed e-con e-parent\" data-id=\"79dd0b0\" data-element_type=\"container\">\n\t\t\t\t\t<div class=\"e-con-inner\">\n\t\t\t\t<div class=\"elementor-element elementor-element-8ccc6e3 elementor-widget elementor-widget-text-editor\" data-id=\"8ccc6e3\" data-element_type=\"widget\" data-widget_type=\"text-editor.default\">\n\t\t\t\t<div class=\"elementor-widget-container\">\n\t\t\t\t\t\t\t\t\t<p>Estimados padres y apoderados:\u00a0<\/p><p>Les recordamos que la semana de receso por Fiestas Patrias ser\u00e1 desde el lunes 15 hasta el viernes 19 de septiembre. El lunes 22 de septiembre retomaremos las clases con normalidad, por lo que los estudiantes deber\u00e1n asistir con su uniforme completo.<\/p>\t\t\t\t\t\t\t\t<\/div>\n\t\t\t\t<\/div>\n\t\t\t\t<div class=\"elementor-element elementor-element-7a402fb elementor-widget elementor-widget-spacer\" data-id=\"7a402fb\" data-element_type=\"widget\" data-widget_type=\"spacer.default\">\n\t\t\t\t<div class=\"elementor-widget-container\">\n\t\t\t\t\t\t\t<div class=\"elementor-spacer\">\n\t\t\t<div class=\"elementor-spacer-inner\"><\/div>\n\t\t<\/div>\n\t\t\t\t\t\t<\/div>\n\t\t\t\t<\/div>\n\t\t\t\t\t<\/div>\n\t\t\t\t<\/div>\n\t\t<div class=\"elementor-element elementor-element-b986e50 e-flex e-con-boxed e-con e-parent\" data-id=\"b986e50\" data-element_type=\"container\">\n\t\t\t\t\t<div class=\"e-con-inner\">\n\t\t\t\t<div class=\"elementor-element elementor-element-cdf31b9 elementor-widget elementor-widget-heading\" data-id=\"cdf31b9\" data-element_type=\"widget\" data-widget_type=\"heading.default\">\n\t\t\t\t<div class=\"elementor-widget-container\">\n\t\t\t\t\t<h4 class=\"elementor-heading-title elementor-size-default\">09 de Octubre de 2025<\/h4>\t\t\t\t<\/div>\n\t\t\t\t<\/div>\n\t\t\t\t\t<\/div>\n\t\t\t\t<\/div>\n\t\t<div class=\"elementor-element elementor-element-3ee81d0 e-flex e-con-boxed e-con e-parent\" data-id=\"3ee81d0\" data-element_type=\"container\">\n\t\t\t\t\t<div class=\"e-con-inner\">\n\t\t\t\t<div class=\"elementor-element elementor-element-f67a4e2 elementor-widget-divider--view-line elementor-widget elementor-widget-divider\" data-id=\"f67a4e2\" data-element_type=\"widget\" data-widget_type=\"divider.default\">\n\t\t\t\t<div class=\"elementor-widget-container\">\n\t\t\t\t\t\t\t<div class=\"elementor-divider\">\n\t\t\t<span class=\"elementor-divider-separator\">\n\t\t\t\t\t\t<\/span>\n\t\t<\/div>\n\t\t\t\t\t\t<\/div>\n\t\t\t\t<\/div>\n\t\t\t\t\t<\/div>\n\t\t\t\t<\/div>\n\t\t<div class=\"elementor-element elementor-element-dd31374 e-flex e-con-boxed e-con e-parent\" data-id=\"dd31374\" data-element_type=\"container\">\n\t\t\t\t\t<div class=\"e-con-inner\">\n\t\t\t\t<div class=\"elementor-element elementor-element-a89f108 elementor-widget elementor-widget-text-editor\" data-id=\"a89f108\" data-element_type=\"widget\" data-widget_type=\"text-editor.default\">\n\t\t\t\t<div class=\"elementor-widget-container\">\n\t\t\t\t\t\t\t\t\t<p>Estimados padres y apoderados:\u00a0<\/p><p>Por disposici\u00f3n de la Direcci\u00f3n, se informa que no se autorizar\u00e1n retiros de estudiantes durante la jornada de la tarde, debido a las actividades programadas en el marco de la celebraci\u00f3n de nuestro Masivo Saludable. Solo se har\u00e1n excepciones en casos debidamente justificados, presentando certificado m\u00e9dico u otro documento que acredite la necesidad de salir del establecimiento.<\/p>\t\t\t\t\t\t\t\t<\/div>\n\t\t\t\t<\/div>\n\t\t\t\t<div class=\"elementor-element elementor-element-8376b25 elementor-widget elementor-widget-spacer\" data-id=\"8376b25\" data-element_type=\"widget\" data-widget_type=\"spacer.default\">\n\t\t\t\t<div class=\"elementor-widget-container\">\n\t\t\t\t\t\t\t<div class=\"elementor-spacer\">\n\t\t\t<div class=\"elementor-spacer-inner\"><\/div>\n\t\t<\/div>\n\t\t\t\t\t\t<\/div>\n\t\t\t\t<\/div>\n\t\t\t\t\t<\/div>\n\t\t\t\t<\/div>\n\t\t<div class=\"elementor-element elementor-element-098fee8 e-flex e-con-boxed e-con e-parent\" data-id=\"098fee8\" data-element_type=\"container\">\n\t\t\t\t\t<div class=\"e-con-inner\">\n\t\t\t\t<div class=\"elementor-element elementor-element-b5121be elementor-widget elementor-widget-heading\" data-id=\"b5121be\" data-element_type=\"widget\" data-widget_type=\"heading.default\">\n\t\t\t\t<div class=\"elementor-widget-container\">\n\t\t\t\t\t<h4 class=\"elementor-heading-title elementor-size-default\">15 de Octubre de 2025<\/h4>\t\t\t\t<\/div>\n\t\t\t\t<\/div>\n\t\t\t\t\t<\/div>\n\t\t\t\t<\/div>\n\t\t<div class=\"elementor-element elementor-element-0bc82a4 e-flex e-con-boxed e-con e-parent\" data-id=\"0bc82a4\" data-element_type=\"container\">\n\t\t\t\t\t<div class=\"e-con-inner\">\n\t\t\t\t<div class=\"elementor-element elementor-element-d057a83 elementor-widget-divider--view-line elementor-widget elementor-widget-divider\" data-id=\"d057a83\" data-element_type=\"widget\" data-widget_type=\"divider.default\">\n\t\t\t\t<div class=\"elementor-widget-container\">\n\t\t\t\t\t\t\t<div class=\"elementor-divider\">\n\t\t\t<span class=\"elementor-divider-separator\">\n\t\t\t\t\t\t<\/span>\n\t\t<\/div>\n\t\t\t\t\t\t<\/div>\n\t\t\t\t<\/div>\n\t\t\t\t\t<\/div>\n\t\t\t\t<\/div>\n\t\t<div class=\"elementor-element elementor-element-59c0596 e-flex e-con-boxed e-con e-parent\" data-id=\"59c0596\" data-element_type=\"container\">\n\t\t\t\t\t<div class=\"e-con-inner\">\n\t\t\t\t<div class=\"elementor-element elementor-element-8291b35 elementor-widget elementor-widget-text-editor\" data-id=\"8291b35\" data-element_type=\"widget\" data-widget_type=\"text-editor.default\">\n\t\t\t\t<div class=\"elementor-widget-container\">\n\t\t\t\t\t\t\t\t\t<p>Estimados padres y apoderados:\u00a0<\/p><p>Les informamos que este viernes 17 de octubre no habr\u00e1 clases con motivo de la celebraci\u00f3n del D\u00eda del Profesor y Profesora Adem\u00e1s, recordamos que ma\u00f1ana jueves 16 de octubre la jornada escolar finalizar\u00e1 a las 16:00 horas, por lo tanto no se realizar\u00e1n talleres extraescolares. El d\u00eda lunes retomamos las clases en horario normal, con uso de uniforme escolar completo y puntualidad desde el inicio de la jornada. Agradecemos su comprensi\u00f3n y colaboraci\u00f3n.<\/p>\t\t\t\t\t\t\t\t<\/div>\n\t\t\t\t<\/div>\n\t\t\t\t<div class=\"elementor-element elementor-element-104b686 elementor-widget elementor-widget-spacer\" data-id=\"104b686\" data-element_type=\"widget\" data-widget_type=\"spacer.default\">\n\t\t\t\t<div class=\"elementor-widget-container\">\n\t\t\t\t\t\t\t<div class=\"elementor-spacer\">\n\t\t\t<div class=\"elementor-spacer-inner\"><\/div>\n\t\t<\/div>\n\t\t\t\t\t\t<\/div>\n\t\t\t\t<\/div>\n\t\t\t\t\t<\/div>\n\t\t\t\t<\/div>\n\t\t<div class=\"elementor-element elementor-element-4ccb285 e-flex e-con-boxed e-con e-parent\" data-id=\"4ccb285\" data-element_type=\"container\">\n\t\t\t\t\t<div class=\"e-con-inner\">\n\t\t\t\t<div class=\"elementor-element elementor-element-9d71be4 elementor-widget elementor-widget-heading\" data-id=\"9d71be4\" data-element_type=\"widget\" data-widget_type=\"heading.default\">\n\t\t\t\t<div class=\"elementor-widget-container\">\n\t\t\t\t\t<h4 class=\"elementor-heading-title elementor-size-default\">10 de Noviembre de 2025<\/h4>\t\t\t\t<\/div>\n\t\t\t\t<\/div>\n\t\t\t\t\t<\/div>\n\t\t\t\t<\/div>\n\t\t<div class=\"elementor-element elementor-element-c25adb2 e-flex e-con-boxed e-con e-parent\" data-id=\"c25adb2\" data-element_type=\"container\">\n\t\t\t\t\t<div class=\"e-con-inner\">\n\t\t\t\t<div class=\"elementor-element elementor-element-fb7b0d8 elementor-widget-divider--view-line elementor-widget elementor-widget-divider\" data-id=\"fb7b0d8\" data-element_type=\"widget\" data-widget_type=\"divider.default\">\n\t\t\t\t<div class=\"elementor-widget-container\">\n\t\t\t\t\t\t\t<div class=\"elementor-divider\">\n\t\t\t<span class=\"elementor-divider-separator\">\n\t\t\t\t\t\t<\/span>\n\t\t<\/div>\n\t\t\t\t\t\t<\/div>\n\t\t\t\t<\/div>\n\t\t\t\t\t<\/div>\n\t\t\t\t<\/div>\n\t\t<div class=\"elementor-element elementor-element-3ebb4bc e-flex e-con-boxed e-con e-parent\" data-id=\"3ebb4bc\" data-element_type=\"container\">\n\t\t\t\t\t<div class=\"e-con-inner\">\n\t\t\t\t<div class=\"elementor-element elementor-element-8430116 elementor-widget elementor-widget-text-editor\" data-id=\"8430116\" data-element_type=\"widget\" data-widget_type=\"text-editor.default\">\n\t\t\t\t<div class=\"elementor-widget-container\">\n\t\t\t\t\t\t\t\t\t<p>COMUNICADO PARA 2\u00b0 MEDIOS<\/p><p>Estimados Apoderados y estudiantes:<\/p><p>Tengan ustedes un cordial saludo, comunicar que MA\u00d1ANA MARTES 11 Y MI\u00c9RCOLES 12 de noviembre a nivel nacional se APLICARA PRUEBA SIMCE, recordar a los estudiantes que deben asistir con el uniforme institucional y ser puntuales en el horario, la organizaci\u00f3n ser\u00e1 la siguiente:<\/p><p><b>Martes 11 de Noviembre<\/b><\/p><p>08:00 \/ Ingreso al liceo.\u00a0<\/p><p>08:00 a 08:30 \/ Alumnos de segundo medio retiran colaci\u00f3n en el comedor de alumnos.\u00a0<\/p><p>08:30 \/ Instrucciones generales e ingreso a la sala de clases.\u00a0<\/p><p>09:00 \/ Inicia Prueba.\u00a0<\/p><p>10:30 \/ T\u00e9rmino de prueba.\u00a0<\/p><p>10:30 a 10:45 \/ Recreo desayuno comedor.\u00a0<\/p><p>10:45 \/ Responden cuestionario en sala asignada.\u00a0<\/p><p>11:45 \/ Aproximadamente t\u00e9rmino del proceso, si existiera alg\u00fan inconveniente con la estructura de horarios.<\/p><p><b>Mi\u00e9rcoles 12 de Noviembre<\/b><\/p><p>08:00 \/ Ingreso al liceo.\u00a0<\/p><p>08:00 a 08:30 \/ Alumnos de segundo medio retiran colaci\u00f3n en el comedor de alumnos.\u00a0<\/p><p>08:30 \/ Instrucciones generales e ingreso a la sala de clases.\u00a0<\/p><p>09:00 \/ Inicia Prueba.\u00a0<\/p><p>10:30 \/ T\u00e9rmino de prueba\/Termino del proceso<\/p>\t\t\t\t\t\t\t\t<\/div>\n\t\t\t\t<\/div>\n\t\t\t\t<div class=\"elementor-element elementor-element-2721bd3 elementor-widget elementor-widget-spacer\" data-id=\"2721bd3\" data-element_type=\"widget\" data-widget_type=\"spacer.default\">\n\t\t\t\t<div class=\"elementor-widget-container\">\n\t\t\t\t\t\t\t<div class=\"elementor-spacer\">\n\t\t\t<div class=\"elementor-spacer-inner\"><\/div>\n\t\t<\/div>\n\t\t\t\t\t\t<\/div>\n\t\t\t\t<\/div>\n\t\t\t\t\t<\/div>\n\t\t\t\t<\/div>\n\t\t<div class=\"elementor-element elementor-element-bcb4f7e e-flex e-con-boxed e-con e-parent\" data-id=\"bcb4f7e\" data-element_type=\"container\">\n\t\t\t\t\t<div class=\"e-con-inner\">\n\t\t\t\t<div class=\"elementor-element elementor-element-554250f elementor-widget elementor-widget-heading\" data-id=\"554250f\" data-element_type=\"widget\" data-widget_type=\"heading.default\">\n\t\t\t\t<div class=\"elementor-widget-container\">\n\t\t\t\t\t<h4 class=\"elementor-heading-title elementor-size-default\">12 de Noviembre de 2025<\/h4>\t\t\t\t<\/div>\n\t\t\t\t<\/div>\n\t\t\t\t\t<\/div>\n\t\t\t\t<\/div>\n\t\t<div class=\"elementor-element elementor-element-5cf008b e-flex e-con-boxed e-con e-parent\" data-id=\"5cf008b\" data-element_type=\"container\">\n\t\t\t\t\t<div class=\"e-con-inner\">\n\t\t\t\t<div class=\"elementor-element elementor-element-a47b868 elementor-widget-divider--view-line elementor-widget elementor-widget-divider\" data-id=\"a47b868\" data-element_type=\"widget\" data-widget_type=\"divider.default\">\n\t\t\t\t<div class=\"elementor-widget-container\">\n\t\t\t\t\t\t\t<div class=\"elementor-divider\">\n\t\t\t<span class=\"elementor-divider-separator\">\n\t\t\t\t\t\t<\/span>\n\t\t<\/div>\n\t\t\t\t\t\t<\/div>\n\t\t\t\t<\/div>\n\t\t\t\t\t<\/div>\n\t\t\t\t<\/div>\n\t\t<div class=\"elementor-element elementor-element-f420e5c e-flex e-con-boxed e-con e-parent\" data-id=\"f420e5c\" data-element_type=\"container\">\n\t\t\t\t\t<div class=\"e-con-inner\">\n\t\t\t\t<div class=\"elementor-element elementor-element-ad0fb2b elementor-widget elementor-widget-text-editor\" data-id=\"ad0fb2b\" data-element_type=\"widget\" data-widget_type=\"text-editor.default\">\n\t\t\t\t<div class=\"elementor-widget-container\">\n\t\t\t\t\t\t\t\t\t<p>Estimada Comunidad Educativa:\u00a0<\/p><p>Como Directora de esta instituci\u00f3n, quiero exponer informaci\u00f3n relevante en relaci\u00f3n a la situaci\u00f3n actual de nuestro Establecimiento, reconozco que existe incertidumbre de los padres y apoderados, los cuales conf\u00edan en nuestro provecto educativo, solo decirles a ustedes que sigan creyendo en nuestra instituci\u00f3n, estos momentos de crisis generan posteriormente un sentido de pertenencia, compromiso y valoraci\u00f3n. Agradezco el sentido de responsabilidad y compromiso de nuestros estudiantes con las dependencias de nuestra comunidad, han demostrado cuidar cada espacio y han respetado las indicaciones de las autoridades que gestionan nuestro Establecimiento. Felicitar a los alumnos\/as de 2d medios, los cuales han asistido a rendir la prueba SIMCE. Se\u00f1alar que existe un di\u00e1logo fluido con la directiva del CGA y con los representantes de nuestros profesores, como l\u00edder de esta instituci\u00f3n decirles que pueden confiar en la informaci\u00f3n que a continuaci\u00f3n comparto con ustedes:<\/p><p>1. Los profesores, asisten a su jornada laboral con normalidad, y realizan las actividades pedag\u00f3gicas con los estudiantes que se encuentran presentes en la sala de clases. Ellos manifiestan su descontento por la aprobaci\u00f3n del PADEM 2026, a trav\u00e9s de la instalaci\u00f3n de globos negros, carteles e informaci\u00f3n por redes sociales, acordaron cumplir con el compromiso de los procesos de aprendizajes de los estudiantes.\u00a0<\/p><p>2. Los estudiantes, a trav\u00e9s del CGA, realizaron democr\u00e1ticamente la consulta de las acciones a realizar, donde acordaron Paro estudiantil indefinido, lo que significa NO ingresar a las clases.\u00a0<\/p><p>3. Desde Direcci\u00f3n quiero transparentar con ustedes que frente a la n\u00f3mina que circulaba de docentes que supuestamente no continuar\u00edan cumpliendo sus funciones en nuestra instituci\u00f3n, NO ES REAL, ya que no es la proyecci\u00f3n solicitada de docentes para el a\u00f1o 2026, los nombres aparecen porque los profesionales no se encuentran en calidad de titulares, pero esto NO significa que ser\u00e1n desvinculados de nuestro Liceo.<\/p><p>4. Se\u00f1alar que la realidad de nuestra instituci\u00f3n es distinta al resto de los establecimientos de nuestra comuna, NO existe cierre y\/o fusi\u00f3n de cursos, lo que significa que continuamos con el n\u00famero de docentes y de asistentes de educaci\u00f3n actual. Estimados\/as estudiantes, los invito a asistir a clases ya que solo quedan aproximadamente 4 semanas para finalizar el a\u00f1o escolar, decirles que cuentan con mi apovo si deciden realizar otra acci\u00f3n que no periudique el proceso acad\u00e9mico de cada uno de ustedes.\u00a0<\/p><p>Cordialmente<\/p><p>Leticia Escobari Morales | Directora Liceo<span style=\"color: var( --e-global-color-text ); font-family: var( --e-global-typography-text-font-family ), Sans-serif; font-weight: var( --e-global-typography-text-font-weight ); text-align: var(--text-align); background-color: var(--wp--preset--color--background); font-size: var(--wp--preset--font-size--normal);\">\u00a0<\/span><span style=\"color: var( --e-global-color-text ); font-family: var( --e-global-typography-text-font-family ), Sans-serif; font-weight: var( --e-global-typography-text-font-weight ); text-align: var(--text-align); background-color: var(--wp--preset--color--background); font-size: var(--wp--preset--font-size--normal);\">|<\/span><span style=\"color: var( --e-global-color-text ); font-family: var( --e-global-typography-text-font-family ), Sans-serif; font-weight: var( --e-global-typography-text-font-weight ); text-align: var(--text-align); background-color: var(--wp--preset--color--background); font-size: var(--wp--preset--font-size--normal);\">\u00a0<\/span><span style=\"color: var( --e-global-color-text ); font-family: var( --e-global-typography-text-font-family ), Sans-serif; font-weight: var( --e-global-typography-text-font-weight ); text-align: var(--text-align); background-color: var(--wp--preset--color--background); font-size: var(--wp--preset--font-size--normal);\">T\u00e9cnico Amelia Courbis<\/span><\/p><p>\u00a0<\/p>\t\t\t\t\t\t\t\t<\/div>\n\t\t\t\t<\/div>\n\t\t\t\t\t<\/div>\n\t\t\t\t<\/div>\n\t\t<div class=\"elementor-element elementor-element-104d30c e-flex e-con-boxed e-con e-parent\" data-id=\"104d30c\" data-element_type=\"container\">\n\t\t\t\t\t<div class=\"e-con-inner\">\n\t\t\t\t<div class=\"elementor-element elementor-element-37bf8f2 elementor-widget elementor-widget-heading\" data-id=\"37bf8f2\" data-element_type=\"widget\" data-widget_type=\"heading.default\">\n\t\t\t\t<div class=\"elementor-widget-container\">\n\t\t\t\t\t<h4 class=\"elementor-heading-title elementor-size-default\">13 de Noviembre de 2025<\/h4>\t\t\t\t<\/div>\n\t\t\t\t<\/div>\n\t\t\t\t\t<\/div>\n\t\t\t\t<\/div>\n\t\t<div class=\"elementor-element elementor-element-5f39bf8 e-flex e-con-boxed e-con e-parent\" data-id=\"5f39bf8\" data-element_type=\"container\">\n\t\t\t\t\t<div class=\"e-con-inner\">\n\t\t\t\t<div class=\"elementor-element elementor-element-2e57b71 elementor-widget-divider--view-line elementor-widget elementor-widget-divider\" data-id=\"2e57b71\" data-element_type=\"widget\" data-widget_type=\"divider.default\">\n\t\t\t\t<div class=\"elementor-widget-container\">\n\t\t\t\t\t\t\t<div class=\"elementor-divider\">\n\t\t\t<span class=\"elementor-divider-separator\">\n\t\t\t\t\t\t<\/span>\n\t\t<\/div>\n\t\t\t\t\t\t<\/div>\n\t\t\t\t<\/div>\n\t\t\t\t\t<\/div>\n\t\t\t\t<\/div>\n\t\t<div class=\"elementor-element elementor-element-31a98df e-flex e-con-boxed e-con e-parent\" data-id=\"31a98df\" data-element_type=\"container\">\n\t\t\t\t\t<div class=\"e-con-inner\">\n\t\t\t\t<div class=\"elementor-element elementor-element-8f625ab elementor-widget elementor-widget-text-editor\" data-id=\"8f625ab\" data-element_type=\"widget\" data-widget_type=\"text-editor.default\">\n\t\t\t\t<div class=\"elementor-widget-container\">\n\t\t\t\t\t\t\t\t\t<p>SEDE DE VOTACIONES ELECCIONES PRESIDENCIALES Y PARLAMENTARIAS<\/p><p>Estimada Comunidad Educativa:\u00a0<\/p><p>Junto con saludar, me dirijo a ustedes para indicar que seg\u00fan Resoluci\u00f3n Exenta N\u00b0 1467\/29\/10\/25 emitida por la Secretaria Ministerial de Educaci\u00f3n; Regi\u00f3n del Maule, nuestro Establecimiento es sede de votaciones del proceso de elecciones presidenciales y parlamentarias a\u00f1o 2025. Por esto, a continuaci\u00f3n, comparto organizaci\u00f3n interna de nuestra comunidad con la finalidad de garantizar la continuidad de los procesos de aprendizaje de nuestros estudiantes.\u00a0<\/p><p>VIERNES 14 DE NOVIEMBRE &#8211; POR INDICACI\u00d3N DE JEFATURA DAEM, NO HAY CLASES.<\/p><p>\u00a0LUNES 17 DE NOVIEMBRE &#8211; INICIO DE ACTIVIDADES CON LOS FUNCIONARIOS DEL ESTABLECIMIENTO A LAS 8:00 HRS.<\/p><p>INGRESO A LA JORNADA DE CLASES A LAS 11:00 HRS. CON ENTREGA DEL BENEFICIO DE ALIMENTACI\u00d3N (DESAYUNO Y ALMUERZO)\u00a0<\/p><p>Estimados\/as cualquier modificaci\u00f3n que exista, ser\u00e1 comunicada a ustedes a la brevedad a trav\u00e9s de los distintos mecanismos de comunicaci\u00f3n\u00a0<\/p><p>Cordialmente<\/p><p>Leticia Escobari Morales | Directora Liceo<span style=\"color: var( --e-global-color-text ); font-family: var( --e-global-typography-text-font-family ), Sans-serif; font-size: var(--wp--preset--font-size--normal); font-weight: var( --e-global-typography-text-font-weight ); text-align: var(--text-align); background-color: var(--wp--preset--color--background);\">\u00a0<\/span><span style=\"color: var( --e-global-color-text ); font-family: var( --e-global-typography-text-font-family ), Sans-serif; font-size: var(--wp--preset--font-size--normal); font-weight: var( --e-global-typography-text-font-weight ); text-align: var(--text-align); background-color: var(--wp--preset--color--background);\">|<\/span><span style=\"color: var( --e-global-color-text ); font-family: var( --e-global-typography-text-font-family ), Sans-serif; font-size: var(--wp--preset--font-size--normal); font-weight: var( --e-global-typography-text-font-weight ); text-align: var(--text-align); background-color: var(--wp--preset--color--background);\">\u00a0<\/span><span style=\"color: var( --e-global-color-text ); font-family: var( --e-global-typography-text-font-family ), Sans-serif; font-size: var(--wp--preset--font-size--normal); font-weight: var( --e-global-typography-text-font-weight ); text-align: var(--text-align); background-color: var(--wp--preset--color--background);\">T\u00e9cnico Amelia Courbis<\/span><\/p><p>\u00a0<\/p>\t\t\t\t\t\t\t\t<\/div>\n\t\t\t\t<\/div>\n\t\t\t\t\t<\/div>\n\t\t\t\t<\/div>\n\t\t\t\t<\/div>\n\t\t","protected":false},"excerpt":{"rendered":"<p>2025 12 de Septiembre de 2025 Estimados padres y apoderados:\u00a0 Les recordamos que la semana de receso por Fiestas Patrias ser\u00e1 desde el lunes 15 hasta el viernes 19 de septiembre. El lunes 22 de septiembre retomaremos las clases con normalidad, por lo que los estudiantes deber\u00e1n asistir con su uniforme completo. 09 de Octubre [&hellip;]<\/p>\n","protected":false},"author":1,"featured_media":0,"parent":0,"menu_order":0,"comment_status":"closed","ping_status":"closed","template":"page-no-header-image","meta":{"footnotes":""},"class_list":["post-1780","page","type-page","status-publish","hentry"],"_links":{"self":[{"href":"https:\/\/ameliacourbis.cl\/wordpress\/index.php\/wp-json\/wp\/v2\/pages\/1780","targetHints":{"allow":["GET"]}}],"collection":[{"href":"https:\/\/ameliacourbis.cl\/wordpress\/index.php\/wp-json\/wp\/v2\/pages"}],"about":[{"href":"https:\/\/ameliacourbis.cl\/wordpress\/index.php\/wp-json\/wp\/v2\/types\/page"}],"author":[{"embeddable":true,"href":"https:\/\/ameliacourbis.cl\/wordpress\/index.php\/wp-json\/wp\/v2\/users\/1"}],"replies":[{"embeddable":true,"href":"https:\/\/ameliacourbis.cl\/wordpress\/index.php\/wp-json\/wp\/v2\/comments?post=1780"}],"version-history":[{"count":43,"href":"https:\/\/ameliacourbis.cl\/wordpress\/index.php\/wp-json\/wp\/v2\/pages\/1780\/revisions"}],"predecessor-version":[{"id":1826,"href":"https:\/\/ameliacourbis.cl\/wordpress\/index.php\/wp-json\/wp\/v2\/pages\/1780\/revisions\/1826"}],"wp:attachment":[{"href":"https:\/\/ameliacourbis.cl\/wordpress\/index.php\/wp-json\/wp\/v2\/media?parent=1780"}],"curies":[{"name":"wp","href":"https:\/\/api.w.org\/{rel}","templated":true}]}}