{"id":303,"date":"2025-03-07T14:30:56","date_gmt":"2025-03-07T14:30:56","guid":{"rendered":"https:\/\/ameliacourbis.cl\/wordpress\/?page_id=303"},"modified":"2025-03-17T12:47:06","modified_gmt":"2025-03-17T12:47:06","slug":"historia","status":"publish","type":"page","link":"https:\/\/ameliacourbis.cl\/wordpress\/index.php\/historia\/","title":{"rendered":"Historia"},"content":{"rendered":"\t\t<div data-elementor-type=\"wp-page\" data-elementor-id=\"303\" class=\"elementor elementor-303\" data-elementor-post-type=\"page\">\n\t\t\t\t<div class=\"elementor-element elementor-element-1f69cd3 e-flex e-con-boxed e-con e-parent\" data-id=\"1f69cd3\" data-element_type=\"container\">\n\t\t\t\t\t<div class=\"e-con-inner\">\n\t\t\t\t<div class=\"elementor-element elementor-element-dec86f3 elementor-widget elementor-widget-text-editor\" data-id=\"dec86f3\" data-element_type=\"widget\" data-widget_type=\"text-editor.default\">\n\t\t\t\t<div class=\"elementor-widget-container\">\n\t\t\t\t\t\t\t\t\t<p style=\"text-align: center;\"><span lang=\"ES\" style=\"font-size: 16px; font-family: Geologica;\">Nuestro distinguido Liceo T\u00e9cnico Amelia Courbis, se ha desarrollado en un proceso hist\u00f3rico sostenido a trav\u00e9s de cien significativos a\u00f1os durante los cuales se ha ido estableciendo un permanente prop\u00f3sito de avance, en el que se puede destacar tres etapas claramente definidas: En primer lugar la fundaci\u00f3n en 1902 durante la direcci\u00f3n de la Sra.Amelia Courbis, en segundo lugar la expansi\u00f3n hacia 1950 bajo la direcci\u00f3n de la Srta. Hortensia Pizarro que lider\u00f3 la celebraci\u00f3n del Cincuentenario y en tercer lugar la consolidaci\u00f3n hacia el 2002 durante la actual Direcci\u00f3n de la prestigiosa educadora Sra. Inelia Guerrero Garrido, bajo cuyo mandato nuestro liceo celebra\u00a0 su relevante Centenario.<\/span><\/p>\t\t\t\t\t\t\t\t<\/div>\n\t\t\t\t<\/div>\n\t\t\t\t\t<\/div>\n\t\t\t\t<\/div>\n\t\t<div class=\"elementor-element elementor-element-ba1aab1 e-flex e-con-boxed e-con e-parent\" data-id=\"ba1aab1\" data-element_type=\"container\">\n\t\t\t\t\t<div class=\"e-con-inner\">\n\t\t\t\t<div class=\"elementor-element elementor-element-2eef133 elementor-invisible elementor-widget elementor-widget-image\" data-id=\"2eef133\" data-element_type=\"widget\" data-settings=\"{&quot;_animation&quot;:&quot;fadeInDown&quot;}\" data-widget_type=\"image.default\">\n\t\t\t\t<div class=\"elementor-widget-container\">\n\t\t\t\t\t\t\t\t\t\t\t\t\t\t\t<img fetchpriority=\"high\" decoding=\"async\" width=\"766\" height=\"1024\" src=\"https:\/\/ameliacourbis.cl\/wordpress\/wp-content\/uploads\/2025\/03\/AC-766x1024.png\" class=\"attachment-large size-large wp-image-751\" alt=\"\" srcset=\"https:\/\/ameliacourbis.cl\/wordpress\/wp-content\/uploads\/2025\/03\/AC-766x1024.png 766w, https:\/\/ameliacourbis.cl\/wordpress\/wp-content\/uploads\/2025\/03\/AC-224x300.png 224w, https:\/\/ameliacourbis.cl\/wordpress\/wp-content\/uploads\/2025\/03\/AC-768x1026.png 768w, https:\/\/ameliacourbis.cl\/wordpress\/wp-content\/uploads\/2025\/03\/AC-1149x1536.png 1149w, https:\/\/ameliacourbis.cl\/wordpress\/wp-content\/uploads\/2025\/03\/AC-1532x2048.png 1532w\" sizes=\"(max-width: 766px) 100vw, 766px\" \/>\t\t\t\t\t\t\t\t\t\t\t\t\t\t\t<\/div>\n\t\t\t\t<\/div>\n\t\t\t\t\t<\/div>\n\t\t\t\t<\/div>\n\t\t<div class=\"elementor-element elementor-element-a4fdb25 e-flex e-con-boxed e-con e-parent\" data-id=\"a4fdb25\" data-element_type=\"container\">\n\t\t\t\t\t<div class=\"e-con-inner\">\n\t\t\t\t<div class=\"elementor-element elementor-element-647e0ce elementor-widget elementor-widget-text-editor\" data-id=\"647e0ce\" data-element_type=\"widget\" data-widget_type=\"text-editor.default\">\n\t\t\t\t<div class=\"elementor-widget-container\">\n\t\t\t\t\t\t\t\t\t<p style=\"text-align: center;\"><span style=\"font-family: Geologica; font-size: 16px;\">Amelia Courbis Medina, nacida en Santiago el 13 de mayo de 1876, quien estudi\u00f3 en la Escuela Profesional de Se\u00f1oritas de Santiago donde se especializ\u00f3 en Modas y otras disciplinas afines, obteniendo adem\u00e1s los t\u00edtulos de Contadora y Matrona, este \u00faltimo estudiado en el Hospital San Borja. En 1902 fue designada para que fundara la Escuela Profesional de Se\u00f1oritas\u00a0 en la ciudad de Talca, ejerciendo.<\/span><\/p>\t\t\t\t\t\t\t\t<\/div>\n\t\t\t\t<\/div>\n\t\t\t\t<div class=\"elementor-element elementor-element-dc693c3 elementor-widget elementor-widget-spacer\" data-id=\"dc693c3\" data-element_type=\"widget\" data-widget_type=\"spacer.default\">\n\t\t\t\t<div class=\"elementor-widget-container\">\n\t\t\t\t\t\t\t<div class=\"elementor-spacer\">\n\t\t\t<div class=\"elementor-spacer-inner\"><\/div>\n\t\t<\/div>\n\t\t\t\t\t\t<\/div>\n\t\t\t\t<\/div>\n\t\t\t\t\t<\/div>\n\t\t\t\t<\/div>\n\t\t<div class=\"elementor-element elementor-element-03e085b e-flex e-con-boxed e-con e-parent\" data-id=\"03e085b\" data-element_type=\"container\">\n\t\t\t\t\t<div class=\"e-con-inner\">\n\t\t<div class=\"elementor-element elementor-element-8c84b23 e-con-full e-flex e-con e-child\" data-id=\"8c84b23\" data-element_type=\"container\">\n\t\t\t\t<div class=\"elementor-element elementor-element-900fc63 elementor-invisible elementor-widget elementor-widget-image\" data-id=\"900fc63\" data-element_type=\"widget\" data-settings=\"{&quot;_animation&quot;:&quot;fadeInLeft&quot;}\" data-widget_type=\"image.default\">\n\t\t\t\t<div class=\"elementor-widget-container\">\n\t\t\t\t\t\t\t\t\t\t\t\t\t\t\t<img decoding=\"async\" width=\"960\" height=\"648\" src=\"https:\/\/ameliacourbis.cl\/wordpress\/wp-content\/uploads\/2025\/03\/33407552_916378465213529_8010022403977510912_n.jpg\" class=\"attachment-2048x2048 size-2048x2048 wp-image-758\" alt=\"\" srcset=\"https:\/\/ameliacourbis.cl\/wordpress\/wp-content\/uploads\/2025\/03\/33407552_916378465213529_8010022403977510912_n.jpg 960w, https:\/\/ameliacourbis.cl\/wordpress\/wp-content\/uploads\/2025\/03\/33407552_916378465213529_8010022403977510912_n-300x203.jpg 300w, https:\/\/ameliacourbis.cl\/wordpress\/wp-content\/uploads\/2025\/03\/33407552_916378465213529_8010022403977510912_n-768x518.jpg 768w\" sizes=\"(max-width: 960px) 100vw, 960px\" \/>\t\t\t\t\t\t\t\t\t\t\t\t\t\t\t<\/div>\n\t\t\t\t<\/div>\n\t\t\t\t<\/div>\n\t\t<div class=\"elementor-element elementor-element-0a140f0 e-con-full e-flex e-con e-child\" data-id=\"0a140f0\" data-element_type=\"container\">\n\t\t\t\t<div class=\"elementor-element elementor-element-095b262 elementor-invisible elementor-widget elementor-widget-image\" data-id=\"095b262\" data-element_type=\"widget\" data-settings=\"{&quot;_animation&quot;:&quot;fadeInRight&quot;}\" data-widget_type=\"image.default\">\n\t\t\t\t<div class=\"elementor-widget-container\">\n\t\t\t\t\t\t\t\t\t\t\t\t\t\t\t<img decoding=\"async\" width=\"720\" height=\"489\" src=\"https:\/\/ameliacourbis.cl\/wordpress\/wp-content\/uploads\/2025\/03\/LICEO_AMELIA_COURBIS.jpg\" class=\"attachment-large size-large wp-image-759\" alt=\"\" srcset=\"https:\/\/ameliacourbis.cl\/wordpress\/wp-content\/uploads\/2025\/03\/LICEO_AMELIA_COURBIS.jpg 720w, https:\/\/ameliacourbis.cl\/wordpress\/wp-content\/uploads\/2025\/03\/LICEO_AMELIA_COURBIS-300x204.jpg 300w\" sizes=\"(max-width: 720px) 100vw, 720px\" \/>\t\t\t\t\t\t\t\t\t\t\t\t\t\t\t<\/div>\n\t\t\t\t<\/div>\n\t\t\t\t<\/div>\n\t\t\t\t\t<\/div>\n\t\t\t\t<\/div>\n\t\t<div class=\"elementor-element elementor-element-aa335e6 e-flex e-con-boxed e-con e-parent\" data-id=\"aa335e6\" data-element_type=\"container\">\n\t\t\t\t\t<div class=\"e-con-inner\">\n\t\t\t\t<div class=\"elementor-element elementor-element-56fae09 elementor-widget elementor-widget-spacer\" data-id=\"56fae09\" data-element_type=\"widget\" data-widget_type=\"spacer.default\">\n\t\t\t\t<div class=\"elementor-widget-container\">\n\t\t\t\t\t\t\t<div class=\"elementor-spacer\">\n\t\t\t<div class=\"elementor-spacer-inner\"><\/div>\n\t\t<\/div>\n\t\t\t\t\t\t<\/div>\n\t\t\t\t<\/div>\n\t\t\t\t\t<\/div>\n\t\t\t\t<\/div>\n\t\t\t\t<\/div>\n\t\t","protected":false},"excerpt":{"rendered":"<p>Nuestro distinguido Liceo T\u00e9cnico Amelia Courbis, se ha desarrollado en un proceso hist\u00f3rico sostenido a trav\u00e9s de cien significativos a\u00f1os durante los cuales se ha ido estableciendo un permanente prop\u00f3sito de avance, en el que se puede destacar tres etapas claramente definidas: En primer lugar la fundaci\u00f3n en 1902 durante la direcci\u00f3n de la Sra.Amelia [&hellip;]<\/p>\n","protected":false},"author":1,"featured_media":0,"parent":0,"menu_order":0,"comment_status":"closed","ping_status":"closed","template":"page-no-header-image","meta":{"footnotes":""},"class_list":["post-303","page","type-page","status-publish","hentry"],"_links":{"self":[{"href":"https:\/\/ameliacourbis.cl\/wordpress\/index.php\/wp-json\/wp\/v2\/pages\/303","targetHints":{"allow":["GET"]}}],"collection":[{"href":"https:\/\/ameliacourbis.cl\/wordpress\/index.php\/wp-json\/wp\/v2\/pages"}],"about":[{"href":"https:\/\/ameliacourbis.cl\/wordpress\/index.php\/wp-json\/wp\/v2\/types\/page"}],"author":[{"embeddable":true,"href":"https:\/\/ameliacourbis.cl\/wordpress\/index.php\/wp-json\/wp\/v2\/users\/1"}],"replies":[{"embeddable":true,"href":"https:\/\/ameliacourbis.cl\/wordpress\/index.php\/wp-json\/wp\/v2\/comments?post=303"}],"version-history":[{"count":40,"href":"https:\/\/ameliacourbis.cl\/wordpress\/index.php\/wp-json\/wp\/v2\/pages\/303\/revisions"}],"predecessor-version":[{"id":893,"href":"https:\/\/ameliacourbis.cl\/wordpress\/index.php\/wp-json\/wp\/v2\/pages\/303\/revisions\/893"}],"wp:attachment":[{"href":"https:\/\/ameliacourbis.cl\/wordpress\/index.php\/wp-json\/wp\/v2\/media?parent=303"}],"curies":[{"name":"wp","href":"https:\/\/api.w.org\/{rel}","templated":true}]}}