{"id":486,"date":"2025-03-10T12:43:02","date_gmt":"2025-03-10T12:43:02","guid":{"rendered":"https:\/\/ameliacourbis.cl\/wordpress\/?page_id=486"},"modified":"2025-03-26T11:56:35","modified_gmt":"2025-03-26T11:56:35","slug":"administracion","status":"publish","type":"page","link":"https:\/\/ameliacourbis.cl\/wordpress\/index.php\/administracion\/","title":{"rendered":"Administraci\u00f3n"},"content":{"rendered":"\t\t<div data-elementor-type=\"wp-page\" data-elementor-id=\"486\" class=\"elementor elementor-486\" data-elementor-post-type=\"page\">\n\t\t\t\t<div class=\"elementor-element elementor-element-ee652f2 e-flex e-con-boxed e-con e-parent\" data-id=\"ee652f2\" data-element_type=\"container\">\n\t\t\t\t\t<div class=\"e-con-inner\">\n\t\t\t\t<div class=\"elementor-element elementor-element-7a9b791 elementor-invisible elementor-widget elementor-widget-image\" data-id=\"7a9b791\" data-element_type=\"widget\" data-settings=\"{&quot;_animation&quot;:&quot;fadeInDown&quot;}\" data-widget_type=\"image.default\">\n\t\t\t\t<div class=\"elementor-widget-container\">\n\t\t\t\t\t\t\t\t\t\t\t\t\t\t\t<img fetchpriority=\"high\" decoding=\"async\" width=\"1024\" height=\"307\" src=\"https:\/\/ameliacourbis.cl\/wordpress\/wp-content\/uploads\/2025\/03\/Mesa-de-trabajo-1@4x-100-4-1024x307.jpg\" class=\"attachment-large size-large wp-image-1226\" alt=\"\" srcset=\"https:\/\/ameliacourbis.cl\/wordpress\/wp-content\/uploads\/2025\/03\/Mesa-de-trabajo-1@4x-100-4-1024x307.jpg 1024w, https:\/\/ameliacourbis.cl\/wordpress\/wp-content\/uploads\/2025\/03\/Mesa-de-trabajo-1@4x-100-4-300x90.jpg 300w, https:\/\/ameliacourbis.cl\/wordpress\/wp-content\/uploads\/2025\/03\/Mesa-de-trabajo-1@4x-100-4-768x230.jpg 768w, https:\/\/ameliacourbis.cl\/wordpress\/wp-content\/uploads\/2025\/03\/Mesa-de-trabajo-1@4x-100-4-1536x461.jpg 1536w, https:\/\/ameliacourbis.cl\/wordpress\/wp-content\/uploads\/2025\/03\/Mesa-de-trabajo-1@4x-100-4-2048x614.jpg 2048w\" sizes=\"(max-width: 1024px) 100vw, 1024px\" \/>\t\t\t\t\t\t\t\t\t\t\t\t\t\t\t<\/div>\n\t\t\t\t<\/div>\n\t\t\t\t<div class=\"elementor-element elementor-element-1039406 elementor-widget elementor-widget-text-editor\" data-id=\"1039406\" data-element_type=\"widget\" data-widget_type=\"text-editor.default\">\n\t\t\t\t<div class=\"elementor-widget-container\">\n\t\t\t\t\t\t\t\t\t<p style=\"text-align: center;\">Acreditada por cuatro a\u00f1os consecutivos. Esta especialidad est\u00e1 orientada a formar t\u00e9cnicos de nivel medio capaces de desempe\u00f1arse eficientemente en actividades administrativas en organizaciones tanto p\u00fablicas como privadas. Los estudiantes desarrollan competencias para apoyar procesos de gesti\u00f3n empresarial, incluyendo la planificaci\u00f3n, organizaci\u00f3n y control de recursos humanos, financieros y t\u00e9cnicos. Adem\u00e1s, la formaci\u00f3n se centra en promover valores como la rigurosidad en el trabajo, el respeto a la libertad, la disciplina, el trabajo colaborativo, la sostenibilidad y la equidad, preparando a los estudiantes para enfrentar los desaf\u00edos del mundo laboral con una s\u00f3lida \u00e9tica profesional.<\/p>\t\t\t\t\t\t\t\t<\/div>\n\t\t\t\t<\/div>\n\t\t\t\t<div class=\"elementor-element elementor-element-3f070e2 elementor-widget elementor-widget-spacer\" data-id=\"3f070e2\" data-element_type=\"widget\" data-widget_type=\"spacer.default\">\n\t\t\t\t<div class=\"elementor-widget-container\">\n\t\t\t\t\t\t\t<div class=\"elementor-spacer\">\n\t\t\t<div class=\"elementor-spacer-inner\"><\/div>\n\t\t<\/div>\n\t\t\t\t\t\t<\/div>\n\t\t\t\t<\/div>\n\t\t\t\t\t<\/div>\n\t\t\t\t<\/div>\n\t\t<div class=\"elementor-element elementor-element-224e77a e-flex e-con-boxed e-con e-parent\" data-id=\"224e77a\" data-element_type=\"container\">\n\t\t\t\t\t<div class=\"e-con-inner\">\n\t\t\t\t<div class=\"elementor-element elementor-element-7ec6906 elementor-widget elementor-widget-text-editor\" data-id=\"7ec6906\" data-element_type=\"widget\" data-widget_type=\"text-editor.default\">\n\t\t\t\t<div class=\"elementor-widget-container\">\n\t\t\t\t\t\t\t\t\t<p style=\"text-align: center;\">Descarga m\u00e1s informaci\u00f3n<\/p>\t\t\t\t\t\t\t\t<\/div>\n\t\t\t\t<\/div>\n\t\t\t\t<div class=\"elementor-element elementor-element-b4f62c4 elementor-align-center elementor-widget elementor-widget-button\" data-id=\"b4f62c4\" data-element_type=\"widget\" data-widget_type=\"button.default\">\n\t\t\t\t<div class=\"elementor-widget-container\">\n\t\t\t\t\t\t\t\t\t<div class=\"elementor-button-wrapper\">\n\t\t\t\t\t<a class=\"elementor-button elementor-button-link elementor-size-sm elementor-animation-grow\" href=\"https:\/\/ameliacourbis.cl\/calendarios_cursos\/Administracio\u0301nLTAC.pdf\">\n\t\t\t\t\t\t<span class=\"elementor-button-content-wrapper\">\n\t\t\t\t\t\t\t\t\t<span class=\"elementor-button-text\">Haz clic aqu\u00ed<\/span>\n\t\t\t\t\t<\/span>\n\t\t\t\t\t<\/a>\n\t\t\t\t<\/div>\n\t\t\t\t\t\t\t\t<\/div>\n\t\t\t\t<\/div>\n\t\t\t\t\t<\/div>\n\t\t\t\t<\/div>\n\t\t<div class=\"elementor-element elementor-element-cd1012b e-flex e-con-boxed e-con e-parent\" data-id=\"cd1012b\" data-element_type=\"container\">\n\t\t\t\t\t<div class=\"e-con-inner\">\n\t\t\t\t<div class=\"elementor-element elementor-element-382bfce elementor-view-default elementor-widget elementor-widget-icon\" data-id=\"382bfce\" data-element_type=\"widget\" data-widget_type=\"icon.default\">\n\t\t\t\t<div class=\"elementor-widget-container\">\n\t\t\t\t\t\t\t<div class=\"elementor-icon-wrapper\">\n\t\t\t<div class=\"elementor-icon\">\n\t\t\t<svg aria-hidden=\"true\" class=\"e-font-icon-svg e-fas-angle-up\" viewBox=\"0 0 320 512\" xmlns=\"http:\/\/www.w3.org\/2000\/svg\"><path d=\"M177 159.7l136 136c9.4 9.4 9.4 24.6 0 33.9l-22.6 22.6c-9.4 9.4-24.6 9.4-33.9 0L160 255.9l-96.4 96.4c-9.4 9.4-24.6 9.4-33.9 0L7 329.7c-9.4-9.4-9.4-24.6 0-33.9l136-136c9.4-9.5 24.6-9.5 34-.1z\"><\/path><\/svg>\t\t\t<\/div>\n\t\t<\/div>\n\t\t\t\t\t\t<\/div>\n\t\t\t\t<\/div>\n\t\t\t\t<div class=\"elementor-element elementor-element-88e99e1 elementor-widget elementor-widget-spacer\" data-id=\"88e99e1\" data-element_type=\"widget\" data-widget_type=\"spacer.default\">\n\t\t\t\t<div class=\"elementor-widget-container\">\n\t\t\t\t\t\t\t<div class=\"elementor-spacer\">\n\t\t\t<div class=\"elementor-spacer-inner\"><\/div>\n\t\t<\/div>\n\t\t\t\t\t\t<\/div>\n\t\t\t\t<\/div>\n\t\t\t\t\t<\/div>\n\t\t\t\t<\/div>\n\t\t\t\t<\/div>\n\t\t","protected":false},"excerpt":{"rendered":"<p>Acreditada por cuatro a\u00f1os consecutivos. Esta especialidad est\u00e1 orientada a formar t\u00e9cnicos de nivel medio capaces de desempe\u00f1arse eficientemente en actividades administrativas en organizaciones tanto p\u00fablicas como privadas. Los estudiantes desarrollan competencias para apoyar procesos de gesti\u00f3n empresarial, incluyendo la planificaci\u00f3n, organizaci\u00f3n y control de recursos humanos, financieros y t\u00e9cnicos. Adem\u00e1s, la formaci\u00f3n se centra [&hellip;]<\/p>\n","protected":false},"author":1,"featured_media":0,"parent":0,"menu_order":0,"comment_status":"closed","ping_status":"closed","template":"page-no-header-image","meta":{"footnotes":""},"class_list":["post-486","page","type-page","status-publish","hentry"],"_links":{"self":[{"href":"https:\/\/ameliacourbis.cl\/wordpress\/index.php\/wp-json\/wp\/v2\/pages\/486","targetHints":{"allow":["GET"]}}],"collection":[{"href":"https:\/\/ameliacourbis.cl\/wordpress\/index.php\/wp-json\/wp\/v2\/pages"}],"about":[{"href":"https:\/\/ameliacourbis.cl\/wordpress\/index.php\/wp-json\/wp\/v2\/types\/page"}],"author":[{"embeddable":true,"href":"https:\/\/ameliacourbis.cl\/wordpress\/index.php\/wp-json\/wp\/v2\/users\/1"}],"replies":[{"embeddable":true,"href":"https:\/\/ameliacourbis.cl\/wordpress\/index.php\/wp-json\/wp\/v2\/comments?post=486"}],"version-history":[{"count":73,"href":"https:\/\/ameliacourbis.cl\/wordpress\/index.php\/wp-json\/wp\/v2\/pages\/486\/revisions"}],"predecessor-version":[{"id":1522,"href":"https:\/\/ameliacourbis.cl\/wordpress\/index.php\/wp-json\/wp\/v2\/pages\/486\/revisions\/1522"}],"wp:attachment":[{"href":"https:\/\/ameliacourbis.cl\/wordpress\/index.php\/wp-json\/wp\/v2\/media?parent=486"}],"curies":[{"name":"wp","href":"https:\/\/api.w.org\/{rel}","templated":true}]}}