{"id":492,"date":"2025-03-10T12:46:12","date_gmt":"2025-03-10T12:46:12","guid":{"rendered":"https:\/\/ameliacourbis.cl\/wordpress\/?page_id=492"},"modified":"2025-03-26T12:00:17","modified_gmt":"2025-03-26T12:00:17","slug":"atencion-de-parvulos","status":"publish","type":"page","link":"https:\/\/ameliacourbis.cl\/wordpress\/index.php\/atencion-de-parvulos\/","title":{"rendered":"Atenci\u00f3n de P\u00e1rvulos"},"content":{"rendered":"\t\t<div data-elementor-type=\"wp-page\" data-elementor-id=\"492\" class=\"elementor elementor-492\" data-elementor-post-type=\"page\">\n\t\t\t\t<div class=\"elementor-element elementor-element-0365472 e-flex e-con-boxed e-con e-parent\" data-id=\"0365472\" data-element_type=\"container\">\n\t\t\t\t\t<div class=\"e-con-inner\">\n\t\t\t\t<div class=\"elementor-element elementor-element-b117368 elementor-invisible elementor-widget elementor-widget-image\" data-id=\"b117368\" data-element_type=\"widget\" data-settings=\"{&quot;_animation&quot;:&quot;fadeInDown&quot;}\" data-widget_type=\"image.default\">\n\t\t\t\t<div class=\"elementor-widget-container\">\n\t\t\t\t\t\t\t\t\t\t\t\t\t\t\t<img fetchpriority=\"high\" decoding=\"async\" width=\"1024\" height=\"307\" src=\"https:\/\/ameliacourbis.cl\/wordpress\/wp-content\/uploads\/2025\/03\/Mesa-de-trabajo-1-copia-2@4x-100-1024x307.jpg\" class=\"attachment-large size-large wp-image-1215\" alt=\"\" srcset=\"https:\/\/ameliacourbis.cl\/wordpress\/wp-content\/uploads\/2025\/03\/Mesa-de-trabajo-1-copia-2@4x-100-1024x307.jpg 1024w, https:\/\/ameliacourbis.cl\/wordpress\/wp-content\/uploads\/2025\/03\/Mesa-de-trabajo-1-copia-2@4x-100-300x90.jpg 300w, https:\/\/ameliacourbis.cl\/wordpress\/wp-content\/uploads\/2025\/03\/Mesa-de-trabajo-1-copia-2@4x-100-768x230.jpg 768w, https:\/\/ameliacourbis.cl\/wordpress\/wp-content\/uploads\/2025\/03\/Mesa-de-trabajo-1-copia-2@4x-100-1536x461.jpg 1536w, https:\/\/ameliacourbis.cl\/wordpress\/wp-content\/uploads\/2025\/03\/Mesa-de-trabajo-1-copia-2@4x-100-2048x614.jpg 2048w\" sizes=\"(max-width: 1024px) 100vw, 1024px\" \/>\t\t\t\t\t\t\t\t\t\t\t\t\t\t\t<\/div>\n\t\t\t\t<\/div>\n\t\t\t\t<div class=\"elementor-element elementor-element-820cc9a elementor-widget elementor-widget-spacer\" data-id=\"820cc9a\" data-element_type=\"widget\" data-widget_type=\"spacer.default\">\n\t\t\t\t<div class=\"elementor-widget-container\">\n\t\t\t\t\t\t\t<div class=\"elementor-spacer\">\n\t\t\t<div class=\"elementor-spacer-inner\"><\/div>\n\t\t<\/div>\n\t\t\t\t\t\t<\/div>\n\t\t\t\t<\/div>\n\t\t\t\t<div class=\"elementor-element elementor-element-84e9575 elementor-widget elementor-widget-text-editor\" data-id=\"84e9575\" data-element_type=\"widget\" data-widget_type=\"text-editor.default\">\n\t\t\t\t<div class=\"elementor-widget-container\">\n\t\t\t\t\t\t\t\t\t<p style=\"text-align: center;\">Orientada a formar t\u00e9cnicos de nivel medio capacitados para asistir en el desarrollo integral de ni\u00f1os y ni\u00f1as en edad preescolar.<\/p><p style=\"text-align: center;\">La formaci\u00f3n en esta especialidad abarca aspectos como el dise\u00f1o y ejecuci\u00f3n de actividades educativas, promoci\u00f3n de h\u00e1bitos saludables y apoyo en el desarrollo emocional y social de los p\u00e1rvulos. El curr\u00edculo combina asignaturas b\u00e1sicas y profesionales, con el objetivo de egresar t\u00e9cnicos competentes y con una s\u00f3lida formaci\u00f3n \u00e9tica.<\/p><p style=\"text-align: center;\">Al finalizar la especialidad, los estudiantes realizan una pr\u00e1ctica profesional que los habilita para recibir el t\u00edtulo de T\u00e9cnico de Nivel Medio, permiti\u00e9ndoles integrarse al mundo laboral en jardines infantiles, salas cuna y otras instituciones educativas orientadas a la primera infancia.<\/p><p style=\"text-align: center;\">La instituci\u00f3n cuenta con modernas instalaciones, incluyendo talleres especializados que facilitan el aprendizaje pr\u00e1ctico. Adem\u00e1s, se promueve la participaci\u00f3n en actividades extracurriculares y eventos relacionados con la educaci\u00f3n parvularia, lo que permite a los estudiantes aplicar sus habilidades en contextos reales y enriquecer su experiencia educativa.<\/p>\t\t\t\t\t\t\t\t<\/div>\n\t\t\t\t<\/div>\n\t\t\t\t<div class=\"elementor-element elementor-element-8d52afb elementor-widget elementor-widget-spacer\" data-id=\"8d52afb\" data-element_type=\"widget\" data-widget_type=\"spacer.default\">\n\t\t\t\t<div class=\"elementor-widget-container\">\n\t\t\t\t\t\t\t<div class=\"elementor-spacer\">\n\t\t\t<div class=\"elementor-spacer-inner\"><\/div>\n\t\t<\/div>\n\t\t\t\t\t\t<\/div>\n\t\t\t\t<\/div>\n\t\t\t\t\t<\/div>\n\t\t\t\t<\/div>\n\t\t<div class=\"elementor-element elementor-element-1ca2f7a e-flex e-con-boxed e-con e-parent\" data-id=\"1ca2f7a\" data-element_type=\"container\">\n\t\t\t\t\t<div class=\"e-con-inner\">\n\t\t<div class=\"elementor-element elementor-element-767457a e-con-full e-flex e-con e-child\" data-id=\"767457a\" data-element_type=\"container\">\n\t\t\t\t<div class=\"elementor-element elementor-element-46cfcd1 elementor-widget elementor-widget-text-editor\" data-id=\"46cfcd1\" data-element_type=\"widget\" data-widget_type=\"text-editor.default\">\n\t\t\t\t<div class=\"elementor-widget-container\">\n\t\t\t\t\t\t\t\t\t<p style=\"text-align: center;\">Descarga m\u00e1s informaci\u00f3n<\/p>\t\t\t\t\t\t\t\t<\/div>\n\t\t\t\t<\/div>\n\t\t\t\t<div class=\"elementor-element elementor-element-7cc80a9 elementor-align-center elementor-widget elementor-widget-button\" data-id=\"7cc80a9\" data-element_type=\"widget\" data-widget_type=\"button.default\">\n\t\t\t\t<div class=\"elementor-widget-container\">\n\t\t\t\t\t\t\t\t\t<div class=\"elementor-button-wrapper\">\n\t\t\t\t\t<a class=\"elementor-button elementor-button-link elementor-size-sm elementor-animation-grow\" href=\"https:\/\/ameliacourbis.cl\/calendarios_cursos\/Atencio\u0301ndePa\u0301rvulosLTAC.pdf\">\n\t\t\t\t\t\t<span class=\"elementor-button-content-wrapper\">\n\t\t\t\t\t\t\t\t\t<span class=\"elementor-button-text\">Haz clic aqu\u00ed<\/span>\n\t\t\t\t\t<\/span>\n\t\t\t\t\t<\/a>\n\t\t\t\t<\/div>\n\t\t\t\t\t\t\t\t<\/div>\n\t\t\t\t<\/div>\n\t\t\t\t<\/div>\n\t\t\t\t\t<\/div>\n\t\t\t\t<\/div>\n\t\t<div class=\"elementor-element elementor-element-a4c4eac e-flex e-con-boxed e-con e-parent\" data-id=\"a4c4eac\" data-element_type=\"container\">\n\t\t\t\t\t<div class=\"e-con-inner\">\n\t\t<div class=\"elementor-element elementor-element-58aaddd e-con-full e-flex e-con e-child\" data-id=\"58aaddd\" data-element_type=\"container\">\n\t\t\t\t<div class=\"elementor-element elementor-element-16ff7ab elementor-view-default elementor-widget elementor-widget-icon\" data-id=\"16ff7ab\" data-element_type=\"widget\" data-widget_type=\"icon.default\">\n\t\t\t\t<div class=\"elementor-widget-container\">\n\t\t\t\t\t\t\t<div class=\"elementor-icon-wrapper\">\n\t\t\t<div class=\"elementor-icon\">\n\t\t\t<svg aria-hidden=\"true\" class=\"e-font-icon-svg e-fas-angle-up\" viewBox=\"0 0 320 512\" xmlns=\"http:\/\/www.w3.org\/2000\/svg\"><path d=\"M177 159.7l136 136c9.4 9.4 9.4 24.6 0 33.9l-22.6 22.6c-9.4 9.4-24.6 9.4-33.9 0L160 255.9l-96.4 96.4c-9.4 9.4-24.6 9.4-33.9 0L7 329.7c-9.4-9.4-9.4-24.6 0-33.9l136-136c9.4-9.5 24.6-9.5 34-.1z\"><\/path><\/svg>\t\t\t<\/div>\n\t\t<\/div>\n\t\t\t\t\t\t<\/div>\n\t\t\t\t<\/div>\n\t\t\t\t<div class=\"elementor-element elementor-element-8ff2138 elementor-widget elementor-widget-spacer\" data-id=\"8ff2138\" data-element_type=\"widget\" data-widget_type=\"spacer.default\">\n\t\t\t\t<div class=\"elementor-widget-container\">\n\t\t\t\t\t\t\t<div class=\"elementor-spacer\">\n\t\t\t<div class=\"elementor-spacer-inner\"><\/div>\n\t\t<\/div>\n\t\t\t\t\t\t<\/div>\n\t\t\t\t<\/div>\n\t\t\t\t<\/div>\n\t\t\t\t\t<\/div>\n\t\t\t\t<\/div>\n\t\t\t\t<\/div>\n\t\t","protected":false},"excerpt":{"rendered":"<p>Orientada a formar t\u00e9cnicos de nivel medio capacitados para asistir en el desarrollo integral de ni\u00f1os y ni\u00f1as en edad preescolar. La formaci\u00f3n en esta especialidad abarca aspectos como el dise\u00f1o y ejecuci\u00f3n de actividades educativas, promoci\u00f3n de h\u00e1bitos saludables y apoyo en el desarrollo emocional y social de los p\u00e1rvulos. El curr\u00edculo combina asignaturas [&hellip;]<\/p>\n","protected":false},"author":1,"featured_media":0,"parent":0,"menu_order":0,"comment_status":"closed","ping_status":"closed","template":"page-no-header-image","meta":{"footnotes":""},"class_list":["post-492","page","type-page","status-publish","hentry"],"_links":{"self":[{"href":"https:\/\/ameliacourbis.cl\/wordpress\/index.php\/wp-json\/wp\/v2\/pages\/492","targetHints":{"allow":["GET"]}}],"collection":[{"href":"https:\/\/ameliacourbis.cl\/wordpress\/index.php\/wp-json\/wp\/v2\/pages"}],"about":[{"href":"https:\/\/ameliacourbis.cl\/wordpress\/index.php\/wp-json\/wp\/v2\/types\/page"}],"author":[{"embeddable":true,"href":"https:\/\/ameliacourbis.cl\/wordpress\/index.php\/wp-json\/wp\/v2\/users\/1"}],"replies":[{"embeddable":true,"href":"https:\/\/ameliacourbis.cl\/wordpress\/index.php\/wp-json\/wp\/v2\/comments?post=492"}],"version-history":[{"count":31,"href":"https:\/\/ameliacourbis.cl\/wordpress\/index.php\/wp-json\/wp\/v2\/pages\/492\/revisions"}],"predecessor-version":[{"id":1531,"href":"https:\/\/ameliacourbis.cl\/wordpress\/index.php\/wp-json\/wp\/v2\/pages\/492\/revisions\/1531"}],"wp:attachment":[{"href":"https:\/\/ameliacourbis.cl\/wordpress\/index.php\/wp-json\/wp\/v2\/media?parent=492"}],"curies":[{"name":"wp","href":"https:\/\/api.w.org\/{rel}","templated":true}]}}