{"id":498,"date":"2025-03-10T12:47:30","date_gmt":"2025-03-10T12:47:30","guid":{"rendered":"https:\/\/ameliacourbis.cl\/wordpress\/?page_id=498"},"modified":"2025-03-26T11:57:47","modified_gmt":"2025-03-26T11:57:47","slug":"gastronomia","status":"publish","type":"page","link":"https:\/\/ameliacourbis.cl\/wordpress\/index.php\/gastronomia\/","title":{"rendered":"Gastronom\u00eda"},"content":{"rendered":"\t\t<div data-elementor-type=\"wp-page\" data-elementor-id=\"498\" class=\"elementor elementor-498\" data-elementor-post-type=\"page\">\n\t\t\t\t<div class=\"elementor-element elementor-element-703153b e-flex e-con-boxed e-con e-parent\" data-id=\"703153b\" data-element_type=\"container\">\n\t\t\t\t\t<div class=\"e-con-inner\">\n\t\t\t\t<div class=\"elementor-element elementor-element-31f239b elementor-invisible elementor-widget elementor-widget-image\" data-id=\"31f239b\" data-element_type=\"widget\" data-settings=\"{&quot;_animation&quot;:&quot;fadeInDown&quot;}\" data-widget_type=\"image.default\">\n\t\t\t\t<div class=\"elementor-widget-container\">\n\t\t\t\t\t\t\t\t\t\t\t\t\t\t\t<img fetchpriority=\"high\" decoding=\"async\" width=\"1024\" height=\"307\" src=\"https:\/\/ameliacourbis.cl\/wordpress\/wp-content\/uploads\/2025\/03\/Mesa-de-trabajo-1-copia@4x-100-1024x307.jpg\" class=\"attachment-large size-large wp-image-1207\" alt=\"\" srcset=\"https:\/\/ameliacourbis.cl\/wordpress\/wp-content\/uploads\/2025\/03\/Mesa-de-trabajo-1-copia@4x-100-1024x307.jpg 1024w, https:\/\/ameliacourbis.cl\/wordpress\/wp-content\/uploads\/2025\/03\/Mesa-de-trabajo-1-copia@4x-100-300x90.jpg 300w, https:\/\/ameliacourbis.cl\/wordpress\/wp-content\/uploads\/2025\/03\/Mesa-de-trabajo-1-copia@4x-100-768x230.jpg 768w, https:\/\/ameliacourbis.cl\/wordpress\/wp-content\/uploads\/2025\/03\/Mesa-de-trabajo-1-copia@4x-100-1536x461.jpg 1536w, https:\/\/ameliacourbis.cl\/wordpress\/wp-content\/uploads\/2025\/03\/Mesa-de-trabajo-1-copia@4x-100-2048x614.jpg 2048w\" sizes=\"(max-width: 1024px) 100vw, 1024px\" \/>\t\t\t\t\t\t\t\t\t\t\t\t\t\t\t<\/div>\n\t\t\t\t<\/div>\n\t\t\t\t<div class=\"elementor-element elementor-element-685c960 elementor-widget elementor-widget-spacer\" data-id=\"685c960\" data-element_type=\"widget\" data-widget_type=\"spacer.default\">\n\t\t\t\t<div class=\"elementor-widget-container\">\n\t\t\t\t\t\t\t<div class=\"elementor-spacer\">\n\t\t\t<div class=\"elementor-spacer-inner\"><\/div>\n\t\t<\/div>\n\t\t\t\t\t\t<\/div>\n\t\t\t\t<\/div>\n\t\t\t\t<div class=\"elementor-element elementor-element-f5913dc elementor-widget elementor-widget-text-editor\" data-id=\"f5913dc\" data-element_type=\"widget\" data-widget_type=\"text-editor.default\">\n\t\t\t\t<div class=\"elementor-widget-container\">\n\t\t\t\t\t\t\t\t\t<p style=\"text-align: center;\">Se divide en dos menciones: Cocina, y Pasteler\u00eda y Reposter\u00eda. Esta formaci\u00f3n t\u00e9cnico-profesional est\u00e1 dise\u00f1ada para que los estudiantes adquieran competencias en la preparaci\u00f3n y presentaci\u00f3n de alimentos, aplicando t\u00e9cnicas culinarias y normas de higiene y seguridad. La instituci\u00f3n cuenta con modernas instalaciones, incluyendo talleres especializados que facilitan el aprendizaje pr\u00e1ctico. Adem\u00e1s, se promueve la participaci\u00f3n en actividades extracurriculares y eventos gastron\u00f3micos, lo que permite a los estudiantes aplicar sus habilidades en contextos reales y enriquecer su experiencia educativa. Al finalizar la especialidad, los estudiantes realizan una pr\u00e1ctica profesional que los habilita para recibir el t\u00edtulo de T\u00e9cnico de Nivel Medio, permiti\u00e9ndoles integrarse al mundo laboral en diversas \u00e1reas de la gastronom\u00eda.<\/p>\t\t\t\t\t\t\t\t<\/div>\n\t\t\t\t<\/div>\n\t\t\t\t<div class=\"elementor-element elementor-element-e659343 elementor-widget elementor-widget-spacer\" data-id=\"e659343\" data-element_type=\"widget\" data-widget_type=\"spacer.default\">\n\t\t\t\t<div class=\"elementor-widget-container\">\n\t\t\t\t\t\t\t<div class=\"elementor-spacer\">\n\t\t\t<div class=\"elementor-spacer-inner\"><\/div>\n\t\t<\/div>\n\t\t\t\t\t\t<\/div>\n\t\t\t\t<\/div>\n\t\t\t\t\t<\/div>\n\t\t\t\t<\/div>\n\t\t<div class=\"elementor-element elementor-element-729acd9 e-flex e-con-boxed e-con e-parent\" data-id=\"729acd9\" data-element_type=\"container\">\n\t\t\t\t\t<div class=\"e-con-inner\">\n\t\t<div class=\"elementor-element elementor-element-9e8852f e-con-full e-flex e-con e-child\" data-id=\"9e8852f\" data-element_type=\"container\">\n\t\t\t\t<div class=\"elementor-element elementor-element-d42125b elementor-widget elementor-widget-text-editor\" data-id=\"d42125b\" data-element_type=\"widget\" data-widget_type=\"text-editor.default\">\n\t\t\t\t<div class=\"elementor-widget-container\">\n\t\t\t\t\t\t\t\t\t<p style=\"text-align: center;\">Descarga m\u00e1s informaci\u00f3n<\/p>\t\t\t\t\t\t\t\t<\/div>\n\t\t\t\t<\/div>\n\t\t\t\t<div class=\"elementor-element elementor-element-8827e38 elementor-align-center elementor-widget elementor-widget-button\" data-id=\"8827e38\" data-element_type=\"widget\" data-widget_type=\"button.default\">\n\t\t\t\t<div class=\"elementor-widget-container\">\n\t\t\t\t\t\t\t\t\t<div class=\"elementor-button-wrapper\">\n\t\t\t\t\t<a class=\"elementor-button elementor-button-link elementor-size-sm elementor-animation-grow\" href=\"https:\/\/ameliacourbis.cl\/calendarios_cursos\/Gastronomi\u0301aLTAC.pdf\">\n\t\t\t\t\t\t<span class=\"elementor-button-content-wrapper\">\n\t\t\t\t\t\t\t\t\t<span class=\"elementor-button-text\">Haz clic aqu\u00ed<\/span>\n\t\t\t\t\t<\/span>\n\t\t\t\t\t<\/a>\n\t\t\t\t<\/div>\n\t\t\t\t\t\t\t\t<\/div>\n\t\t\t\t<\/div>\n\t\t\t\t<\/div>\n\t\t<div class=\"elementor-element elementor-element-1393c45 e-con-full e-flex e-con e-child\" data-id=\"1393c45\" data-element_type=\"container\">\n\t\t\t\t<div class=\"elementor-element elementor-element-7a16aea elementor-view-default elementor-widget elementor-widget-icon\" data-id=\"7a16aea\" data-element_type=\"widget\" data-widget_type=\"icon.default\">\n\t\t\t\t<div class=\"elementor-widget-container\">\n\t\t\t\t\t\t\t<div class=\"elementor-icon-wrapper\">\n\t\t\t<div class=\"elementor-icon\">\n\t\t\t<svg aria-hidden=\"true\" class=\"e-font-icon-svg e-fas-angle-up\" viewBox=\"0 0 320 512\" xmlns=\"http:\/\/www.w3.org\/2000\/svg\"><path d=\"M177 159.7l136 136c9.4 9.4 9.4 24.6 0 33.9l-22.6 22.6c-9.4 9.4-24.6 9.4-33.9 0L160 255.9l-96.4 96.4c-9.4 9.4-24.6 9.4-33.9 0L7 329.7c-9.4-9.4-9.4-24.6 0-33.9l136-136c9.4-9.5 24.6-9.5 34-.1z\"><\/path><\/svg>\t\t\t<\/div>\n\t\t<\/div>\n\t\t\t\t\t\t<\/div>\n\t\t\t\t<\/div>\n\t\t\t\t<div class=\"elementor-element elementor-element-7bc6ec2 elementor-widget elementor-widget-spacer\" data-id=\"7bc6ec2\" data-element_type=\"widget\" data-widget_type=\"spacer.default\">\n\t\t\t\t<div class=\"elementor-widget-container\">\n\t\t\t\t\t\t\t<div class=\"elementor-spacer\">\n\t\t\t<div class=\"elementor-spacer-inner\"><\/div>\n\t\t<\/div>\n\t\t\t\t\t\t<\/div>\n\t\t\t\t<\/div>\n\t\t\t\t<\/div>\n\t\t\t\t\t<\/div>\n\t\t\t\t<\/div>\n\t\t\t\t<\/div>\n\t\t","protected":false},"excerpt":{"rendered":"<p>Se divide en dos menciones: Cocina, y Pasteler\u00eda y Reposter\u00eda. Esta formaci\u00f3n t\u00e9cnico-profesional est\u00e1 dise\u00f1ada para que los estudiantes adquieran competencias en la preparaci\u00f3n y presentaci\u00f3n de alimentos, aplicando t\u00e9cnicas culinarias y normas de higiene y seguridad. La instituci\u00f3n cuenta con modernas instalaciones, incluyendo talleres especializados que facilitan el aprendizaje pr\u00e1ctico. Adem\u00e1s, se promueve la [&hellip;]<\/p>\n","protected":false},"author":1,"featured_media":0,"parent":0,"menu_order":0,"comment_status":"closed","ping_status":"closed","template":"page-no-header-image","meta":{"footnotes":""},"class_list":["post-498","page","type-page","status-publish","hentry"],"_links":{"self":[{"href":"https:\/\/ameliacourbis.cl\/wordpress\/index.php\/wp-json\/wp\/v2\/pages\/498","targetHints":{"allow":["GET"]}}],"collection":[{"href":"https:\/\/ameliacourbis.cl\/wordpress\/index.php\/wp-json\/wp\/v2\/pages"}],"about":[{"href":"https:\/\/ameliacourbis.cl\/wordpress\/index.php\/wp-json\/wp\/v2\/types\/page"}],"author":[{"embeddable":true,"href":"https:\/\/ameliacourbis.cl\/wordpress\/index.php\/wp-json\/wp\/v2\/users\/1"}],"replies":[{"embeddable":true,"href":"https:\/\/ameliacourbis.cl\/wordpress\/index.php\/wp-json\/wp\/v2\/comments?post=498"}],"version-history":[{"count":34,"href":"https:\/\/ameliacourbis.cl\/wordpress\/index.php\/wp-json\/wp\/v2\/pages\/498\/revisions"}],"predecessor-version":[{"id":1525,"href":"https:\/\/ameliacourbis.cl\/wordpress\/index.php\/wp-json\/wp\/v2\/pages\/498\/revisions\/1525"}],"wp:attachment":[{"href":"https:\/\/ameliacourbis.cl\/wordpress\/index.php\/wp-json\/wp\/v2\/media?parent=498"}],"curies":[{"name":"wp","href":"https:\/\/api.w.org\/{rel}","templated":true}]}}