{"id":504,"date":"2025-03-10T12:48:27","date_gmt":"2025-03-10T12:48:27","guid":{"rendered":"https:\/\/ameliacourbis.cl\/wordpress\/?page_id=504"},"modified":"2025-03-26T11:59:18","modified_gmt":"2025-03-26T11:59:18","slug":"enfermeria","status":"publish","type":"page","link":"https:\/\/ameliacourbis.cl\/wordpress\/index.php\/enfermeria\/","title":{"rendered":"Enfermer\u00eda"},"content":{"rendered":"\t\t<div data-elementor-type=\"wp-page\" data-elementor-id=\"504\" class=\"elementor elementor-504\" data-elementor-post-type=\"page\">\n\t\t\t\t<div class=\"elementor-element elementor-element-594d70e e-flex e-con-boxed e-con e-parent\" data-id=\"594d70e\" data-element_type=\"container\">\n\t\t\t\t\t<div class=\"e-con-inner\">\n\t\t\t\t<div class=\"elementor-element elementor-element-f14f64f elementor-invisible elementor-widget elementor-widget-image\" data-id=\"f14f64f\" data-element_type=\"widget\" data-settings=\"{&quot;_animation&quot;:&quot;fadeInDown&quot;}\" data-widget_type=\"image.default\">\n\t\t\t\t<div class=\"elementor-widget-container\">\n\t\t\t\t\t\t\t\t\t\t\t\t\t\t\t<img fetchpriority=\"high\" decoding=\"async\" width=\"1024\" height=\"307\" src=\"https:\/\/ameliacourbis.cl\/wordpress\/wp-content\/uploads\/2025\/03\/Mesa-de-trabajo-1-copia-3@4x-100-1024x307.jpg\" class=\"attachment-large size-large wp-image-1211\" alt=\"\" srcset=\"https:\/\/ameliacourbis.cl\/wordpress\/wp-content\/uploads\/2025\/03\/Mesa-de-trabajo-1-copia-3@4x-100-1024x307.jpg 1024w, https:\/\/ameliacourbis.cl\/wordpress\/wp-content\/uploads\/2025\/03\/Mesa-de-trabajo-1-copia-3@4x-100-300x90.jpg 300w, https:\/\/ameliacourbis.cl\/wordpress\/wp-content\/uploads\/2025\/03\/Mesa-de-trabajo-1-copia-3@4x-100-768x230.jpg 768w, https:\/\/ameliacourbis.cl\/wordpress\/wp-content\/uploads\/2025\/03\/Mesa-de-trabajo-1-copia-3@4x-100-1536x461.jpg 1536w, https:\/\/ameliacourbis.cl\/wordpress\/wp-content\/uploads\/2025\/03\/Mesa-de-trabajo-1-copia-3@4x-100-2048x614.jpg 2048w\" sizes=\"(max-width: 1024px) 100vw, 1024px\" \/>\t\t\t\t\t\t\t\t\t\t\t\t\t\t\t<\/div>\n\t\t\t\t<\/div>\n\t\t\t\t<div class=\"elementor-element elementor-element-f5827fa elementor-widget elementor-widget-spacer\" data-id=\"f5827fa\" data-element_type=\"widget\" data-widget_type=\"spacer.default\">\n\t\t\t\t<div class=\"elementor-widget-container\">\n\t\t\t\t\t\t\t<div class=\"elementor-spacer\">\n\t\t\t<div class=\"elementor-spacer-inner\"><\/div>\n\t\t<\/div>\n\t\t\t\t\t\t<\/div>\n\t\t\t\t<\/div>\n\t\t\t\t<div class=\"elementor-element elementor-element-a2ebfbd elementor-widget elementor-widget-text-editor\" data-id=\"a2ebfbd\" data-element_type=\"widget\" data-widget_type=\"text-editor.default\">\n\t\t\t\t<div class=\"elementor-widget-container\">\n\t\t\t\t\t\t\t\t\t<p data-start=\"0\" data-end=\"122\">El Liceo T\u00e9cnico Amelia Courbis de Talca ofrece la especialidad de Atenci\u00f3n de Enfermer\u00eda, que se divide en dos menciones:<\/p><ul data-start=\"124\" data-end=\"669\"><li data-start=\"124\" data-end=\"429\"><p data-start=\"126\" data-end=\"429\"><strong data-start=\"126\" data-end=\"153\">Menci\u00f3n en Adulto Mayor<\/strong>: Esta menci\u00f3n se centra en la atenci\u00f3n integral de personas de la tercera edad, abarcando aspectos f\u00edsicos, emocionales y sociales. Los estudiantes adquieren habilidades para brindar cuidados b\u00e1sicos, promover la autonom\u00eda y mejorar la calidad de vida de los adultos mayores.<\/p><\/li><li data-start=\"431\" data-end=\"669\"><p data-start=\"433\" data-end=\"669\"><strong data-start=\"433\" data-end=\"458\">Menci\u00f3n en Enfermer\u00eda<\/strong>: En esta menci\u00f3n, los estudiantes se forman en la atenci\u00f3n de pacientes en diversos contextos de salud, desarrollando competencias en procedimientos cl\u00ednicos, promoci\u00f3n de la salud y prevenci\u00f3n de enfermedades.<\/p><\/li><\/ul><p data-start=\"671\" data-end=\"1124\">La formaci\u00f3n en ambas menciones se basa en un curr\u00edculo que combina asignaturas b\u00e1sicas y profesionales, con el objetivo de egresar t\u00e9cnicos de nivel medio competentes y con una s\u00f3lida formaci\u00f3n \u00e9tica. Al finalizar la especialidad, los estudiantes realizan una pr\u00e1ctica profesional que los habilita para recibir el t\u00edtulo de T\u00e9cnico de Nivel Medio, permiti\u00e9ndoles integrarse al mundo laboral en el \u00e1rea de la salud.<\/p>\t\t\t\t\t\t\t\t<\/div>\n\t\t\t\t<\/div>\n\t\t\t\t<div class=\"elementor-element elementor-element-2ae37fc elementor-widget elementor-widget-spacer\" data-id=\"2ae37fc\" data-element_type=\"widget\" data-widget_type=\"spacer.default\">\n\t\t\t\t<div class=\"elementor-widget-container\">\n\t\t\t\t\t\t\t<div class=\"elementor-spacer\">\n\t\t\t<div class=\"elementor-spacer-inner\"><\/div>\n\t\t<\/div>\n\t\t\t\t\t\t<\/div>\n\t\t\t\t<\/div>\n\t\t\t\t\t<\/div>\n\t\t\t\t<\/div>\n\t\t<div class=\"elementor-element elementor-element-1485e31 e-flex e-con-boxed e-con e-parent\" data-id=\"1485e31\" data-element_type=\"container\">\n\t\t\t\t\t<div class=\"e-con-inner\">\n\t\t<div class=\"elementor-element elementor-element-a36cbea e-con-full e-flex e-con e-child\" data-id=\"a36cbea\" data-element_type=\"container\">\n\t\t\t\t<div class=\"elementor-element elementor-element-90196da elementor-widget elementor-widget-text-editor\" data-id=\"90196da\" data-element_type=\"widget\" data-widget_type=\"text-editor.default\">\n\t\t\t\t<div class=\"elementor-widget-container\">\n\t\t\t\t\t\t\t\t\t<p style=\"text-align: center;\">Descarga m\u00e1s informaci\u00f3n<\/p>\t\t\t\t\t\t\t\t<\/div>\n\t\t\t\t<\/div>\n\t\t\t\t<div class=\"elementor-element elementor-element-f217178 elementor-align-center elementor-widget elementor-widget-button\" data-id=\"f217178\" data-element_type=\"widget\" data-widget_type=\"button.default\">\n\t\t\t\t<div class=\"elementor-widget-container\">\n\t\t\t\t\t\t\t\t\t<div class=\"elementor-button-wrapper\">\n\t\t\t\t\t<a class=\"elementor-button elementor-button-link elementor-size-sm elementor-animation-grow\" href=\"https:\/\/ameliacourbis.cl\/calendarios_cursos\/Atencio\u0301ndeEnfermeri\u0301aLTAC.pdf\">\n\t\t\t\t\t\t<span class=\"elementor-button-content-wrapper\">\n\t\t\t\t\t\t\t\t\t<span class=\"elementor-button-text\">Haz clic aqu\u00ed<\/span>\n\t\t\t\t\t<\/span>\n\t\t\t\t\t<\/a>\n\t\t\t\t<\/div>\n\t\t\t\t\t\t\t\t<\/div>\n\t\t\t\t<\/div>\n\t\t\t\t<\/div>\n\t\t\t\t\t<\/div>\n\t\t\t\t<\/div>\n\t\t<div class=\"elementor-element elementor-element-3c3b8a7 e-flex e-con-boxed e-con e-parent\" data-id=\"3c3b8a7\" data-element_type=\"container\">\n\t\t\t\t\t<div class=\"e-con-inner\">\n\t\t<div class=\"elementor-element elementor-element-aba05dc e-con-full e-flex e-con e-child\" data-id=\"aba05dc\" data-element_type=\"container\">\n\t\t\t\t<div class=\"elementor-element elementor-element-aa784ce elementor-view-default elementor-widget elementor-widget-icon\" data-id=\"aa784ce\" data-element_type=\"widget\" data-widget_type=\"icon.default\">\n\t\t\t\t<div class=\"elementor-widget-container\">\n\t\t\t\t\t\t\t<div class=\"elementor-icon-wrapper\">\n\t\t\t<div class=\"elementor-icon\">\n\t\t\t<svg aria-hidden=\"true\" class=\"e-font-icon-svg e-fas-angle-up\" viewBox=\"0 0 320 512\" xmlns=\"http:\/\/www.w3.org\/2000\/svg\"><path d=\"M177 159.7l136 136c9.4 9.4 9.4 24.6 0 33.9l-22.6 22.6c-9.4 9.4-24.6 9.4-33.9 0L160 255.9l-96.4 96.4c-9.4 9.4-24.6 9.4-33.9 0L7 329.7c-9.4-9.4-9.4-24.6 0-33.9l136-136c9.4-9.5 24.6-9.5 34-.1z\"><\/path><\/svg>\t\t\t<\/div>\n\t\t<\/div>\n\t\t\t\t\t\t<\/div>\n\t\t\t\t<\/div>\n\t\t\t\t<div class=\"elementor-element elementor-element-c9bfef9 elementor-widget elementor-widget-spacer\" data-id=\"c9bfef9\" data-element_type=\"widget\" data-widget_type=\"spacer.default\">\n\t\t\t\t<div class=\"elementor-widget-container\">\n\t\t\t\t\t\t\t<div class=\"elementor-spacer\">\n\t\t\t<div class=\"elementor-spacer-inner\"><\/div>\n\t\t<\/div>\n\t\t\t\t\t\t<\/div>\n\t\t\t\t<\/div>\n\t\t\t\t<\/div>\n\t\t\t\t\t<\/div>\n\t\t\t\t<\/div>\n\t\t\t\t<\/div>\n\t\t","protected":false},"excerpt":{"rendered":"<p>El Liceo T\u00e9cnico Amelia Courbis de Talca ofrece la especialidad de Atenci\u00f3n de Enfermer\u00eda, que se divide en dos menciones: Menci\u00f3n en Adulto Mayor: Esta menci\u00f3n se centra en la atenci\u00f3n integral de personas de la tercera edad, abarcando aspectos f\u00edsicos, emocionales y sociales. Los estudiantes adquieren habilidades para brindar cuidados b\u00e1sicos, promover la autonom\u00eda [&hellip;]<\/p>\n","protected":false},"author":1,"featured_media":0,"parent":0,"menu_order":0,"comment_status":"closed","ping_status":"closed","template":"page-no-header-image","meta":{"footnotes":""},"class_list":["post-504","page","type-page","status-publish","hentry"],"_links":{"self":[{"href":"https:\/\/ameliacourbis.cl\/wordpress\/index.php\/wp-json\/wp\/v2\/pages\/504","targetHints":{"allow":["GET"]}}],"collection":[{"href":"https:\/\/ameliacourbis.cl\/wordpress\/index.php\/wp-json\/wp\/v2\/pages"}],"about":[{"href":"https:\/\/ameliacourbis.cl\/wordpress\/index.php\/wp-json\/wp\/v2\/types\/page"}],"author":[{"embeddable":true,"href":"https:\/\/ameliacourbis.cl\/wordpress\/index.php\/wp-json\/wp\/v2\/users\/1"}],"replies":[{"embeddable":true,"href":"https:\/\/ameliacourbis.cl\/wordpress\/index.php\/wp-json\/wp\/v2\/comments?post=504"}],"version-history":[{"count":37,"href":"https:\/\/ameliacourbis.cl\/wordpress\/index.php\/wp-json\/wp\/v2\/pages\/504\/revisions"}],"predecessor-version":[{"id":1528,"href":"https:\/\/ameliacourbis.cl\/wordpress\/index.php\/wp-json\/wp\/v2\/pages\/504\/revisions\/1528"}],"wp:attachment":[{"href":"https:\/\/ameliacourbis.cl\/wordpress\/index.php\/wp-json\/wp\/v2\/media?parent=504"}],"curies":[{"name":"wp","href":"https:\/\/api.w.org\/{rel}","templated":true}]}}