{"id":607,"date":"2025-03-11T13:48:36","date_gmt":"2025-03-11T13:48:36","guid":{"rendered":"https:\/\/ameliacourbis.cl\/wordpress\/?page_id=607"},"modified":"2025-03-17T12:47:31","modified_gmt":"2025-03-17T12:47:31","slug":"himno","status":"publish","type":"page","link":"https:\/\/ameliacourbis.cl\/wordpress\/index.php\/himno\/","title":{"rendered":"Himno"},"content":{"rendered":"\t\t<div data-elementor-type=\"wp-page\" data-elementor-id=\"607\" class=\"elementor elementor-607\" data-elementor-post-type=\"page\">\n\t\t\t\t<div class=\"elementor-element elementor-element-c67f4a8 e-flex e-con-boxed e-con e-parent\" data-id=\"c67f4a8\" data-element_type=\"container\">\n\t\t\t\t\t<div class=\"e-con-inner\">\n\t\t\t\t<div class=\"elementor-element elementor-element-005154b elementor-widget elementor-widget-text-editor\" data-id=\"005154b\" data-element_type=\"widget\" data-widget_type=\"text-editor.default\">\n\t\t\t\t<div class=\"elementor-widget-container\">\n\t\t\t\t\t\t\t\t\t<p style=\"text-align: center;\"><span style=\"font-size: 17px;\"><span style=\"font-family: Geologica;\">Liceo amado, en ti confiamos,<br \/><\/span><span style=\"font-family: Geologica;\">tus nos acoges con tierno amor,<br \/><\/span><span style=\"font-family: Geologica;\">en tus talleres reina el trabajo,<br \/><\/span><span style=\"font-family: Geologica;\">fuente sublime de paz y honor.<br \/><\/span><span style=\"font-family: Geologica;\">Con tu ense\u00f1anza somos m\u00e1s buenos,<br \/><\/span><span style=\"font-family: Geologica;\">y nuestro canto se hace mejor<br \/><\/span><span style=\"font-family: Geologica;\">y por la patria de ideas llena<br \/><\/span><span style=\"font-family: Geologica;\">hacemos grande la profesi\u00f3n.<\/span><\/span><\/p><p style=\"text-align: center;\"><span style=\"font-size: 17px;\"><span style=\"font-family: Geologica;\">I<\/span><\/span><\/p><p style=\"text-align: center;\"><span style=\"font-size: 17px;\"><span style=\"font-family: Geologica;\">Al o\u00edr vibrante ta\u00f1ido<br \/><\/span><span style=\"font-family: Geologica;\">con que invita la alegre campana.<br \/><\/span><span style=\"font-family: Geologica;\">nuestros pechos flamean en llamas.<br \/><\/span><span style=\"font-family: Geologica;\">En las aulas se mecen las ciencias,<br \/><\/span><span style=\"font-family: Geologica;\">la cultura, el arte, el saber.<br \/><\/span><span style=\"font-family: Geologica;\">y en las almas renacen los sue\u00f1os<br \/><\/span><span style=\"font-family: Geologica;\">de una bella ambici\u00f3n juvenil.<\/span><\/span><\/p><p style=\"text-align: center;\"><span style=\"font-size: 17px;\"><span style=\"font-family: Geologica;\">II<\/span><\/span><\/p><p style=\"text-align: center;\"><span style=\"font-size: 17px;\"><span style=\"font-family: Geologica;\">Al coger nuestras diarias labores<br \/><\/span><span style=\"font-family: Geologica;\">nos invade la fe y la alegr\u00eda,<br \/><\/span><span style=\"font-family: Geologica;\">con calor juvenil de esperanza<br \/><\/span><span style=\"font-family: Geologica;\">aguardamos confiados la vida.<br \/><\/span><span style=\"font-family: Geologica;\">El estudio nos torna optimista<br \/><\/span><span style=\"font-family: Geologica;\">bajo el techo del noble plantel.<br \/><\/span><span style=\"font-family: Geologica;\">con el lema de honrar el trabajo<br \/><\/span><span style=\"font-family: Geologica;\">y cumplir el sagrado deber.<\/span><\/span><\/p><p style=\"text-align: center;\">\u00a0<\/p><p style=\"text-align: center;\"><span style=\"font-size: 17px;\"><span style=\"font-family: Geologica;\"><strong>Letra:<\/strong> Mar\u00eda D\u00edaz Madrid<br \/><\/span><span style=\"font-family: Geologica;\"><strong>M\u00fasica:<\/strong> Arturo Pino<\/span><\/span><\/p>\t\t\t\t\t\t\t\t<\/div>\n\t\t\t\t<\/div>\n\t\t\t\t\t<\/div>\n\t\t\t\t<\/div>\n\t\t<div class=\"elementor-element elementor-element-fa4b667 e-flex e-con-boxed e-con e-parent\" data-id=\"fa4b667\" data-element_type=\"container\">\n\t\t\t\t\t<div class=\"e-con-inner\">\n\t\t\t\t<div class=\"elementor-element elementor-element-e49b0bb elementor-widget elementor-widget-spacer\" data-id=\"e49b0bb\" data-element_type=\"widget\" data-widget_type=\"spacer.default\">\n\t\t\t\t<div class=\"elementor-widget-container\">\n\t\t\t\t\t\t\t<div class=\"elementor-spacer\">\n\t\t\t<div class=\"elementor-spacer-inner\"><\/div>\n\t\t<\/div>\n\t\t\t\t\t\t<\/div>\n\t\t\t\t<\/div>\n\t\t\t\t\t<\/div>\n\t\t\t\t<\/div>\n\t\t\t\t<\/div>\n\t\t","protected":false},"excerpt":{"rendered":"<p>Liceo amado, en ti confiamos,tus nos acoges con tierno amor,en tus talleres reina el trabajo,fuente sublime de paz y honor.Con tu ense\u00f1anza somos m\u00e1s buenos,y nuestro canto se hace mejory por la patria de ideas llenahacemos grande la profesi\u00f3n. I Al o\u00edr vibrante ta\u00f1idocon que invita la alegre campana.nuestros pechos flamean en llamas.En las aulas [&hellip;]<\/p>\n","protected":false},"author":1,"featured_media":0,"parent":0,"menu_order":0,"comment_status":"closed","ping_status":"closed","template":"page-no-header-image","meta":{"footnotes":""},"class_list":["post-607","page","type-page","status-publish","hentry"],"_links":{"self":[{"href":"https:\/\/ameliacourbis.cl\/wordpress\/index.php\/wp-json\/wp\/v2\/pages\/607","targetHints":{"allow":["GET"]}}],"collection":[{"href":"https:\/\/ameliacourbis.cl\/wordpress\/index.php\/wp-json\/wp\/v2\/pages"}],"about":[{"href":"https:\/\/ameliacourbis.cl\/wordpress\/index.php\/wp-json\/wp\/v2\/types\/page"}],"author":[{"embeddable":true,"href":"https:\/\/ameliacourbis.cl\/wordpress\/index.php\/wp-json\/wp\/v2\/users\/1"}],"replies":[{"embeddable":true,"href":"https:\/\/ameliacourbis.cl\/wordpress\/index.php\/wp-json\/wp\/v2\/comments?post=607"}],"version-history":[{"count":25,"href":"https:\/\/ameliacourbis.cl\/wordpress\/index.php\/wp-json\/wp\/v2\/pages\/607\/revisions"}],"predecessor-version":[{"id":896,"href":"https:\/\/ameliacourbis.cl\/wordpress\/index.php\/wp-json\/wp\/v2\/pages\/607\/revisions\/896"}],"wp:attachment":[{"href":"https:\/\/ameliacourbis.cl\/wordpress\/index.php\/wp-json\/wp\/v2\/media?parent=607"}],"curies":[{"name":"wp","href":"https:\/\/api.w.org\/{rel}","templated":true}]}}